{"id":5467,"date":"2025-01-23T21:23:44","date_gmt":"2025-01-23T21:23:44","guid":{"rendered":"https:\/\/musicoterapiaconlarpa.com\/tuning-viljuske\/"},"modified":"2025-02-26T10:49:59","modified_gmt":"2025-02-26T10:49:59","slug":"tuning-viljuske","status":"publish","type":"page","link":"https:\/\/musicoterapiaconlarpa.com\/sr\/tuning-viljuske\/","title":{"rendered":"Tuning vilju\u0161ke"},"content":{"rendered":"\t\t<div data-elementor-type=\"wp-page\" data-elementor-id=\"5467\" class=\"elementor elementor-5467 elementor-4110\" data-elementor-post-type=\"page\">\n\t\t\t\t<div class=\"elementor-element elementor-element-undefined-6c73cf8 e-flex e-con-boxed e-con e-parent\" data-id=\"undefined-6c73cf8\" data-element_type=\"container\">\n\t\t\t\t\t<div class=\"e-con-inner\">\n\t\t<div class=\"elementor-element elementor-element-undefined-25e9217 e-con-full e-flex e-con e-child\" data-id=\"undefined-25e9217\" data-element_type=\"container\">\n\t\t\t\t<div class=\"elementor-element elementor-element-undefined-69524a4 elementor-widget elementor-widget-image\" data-id=\"undefined-69524a4\" data-element_type=\"widget\" data-widget_type=\"image.default\">\n\t\t\t\t\t\t\t\t\t\t\t\t\t\t\t<img fetchpriority=\"high\" decoding=\"async\" width=\"400\" height=\"600\" src=\"https:\/\/musicoterapiaconlarpa.com\/wp-content\/uploads\/2025\/01\/Stimmgabel.jpg\" class=\"attachment-large size-large wp-image-2336\" alt=\"\" srcset=\"https:\/\/musicoterapiaconlarpa.com\/wp-content\/uploads\/2025\/01\/Stimmgabel.jpg 400w, https:\/\/musicoterapiaconlarpa.com\/wp-content\/uploads\/2025\/01\/Stimmgabel-200x300.jpg 200w\" sizes=\"(max-width: 400px) 100vw, 400px\" \/>\t\t\t\t\t\t\t\t\t\t\t\t\t\t\t<\/div>\n\t\t\t\t<\/div>\n\t\t<div class=\"elementor-element elementor-element-undefined-7b5fd66 e-con-full e-flex e-con e-child\" data-id=\"undefined-7b5fd66\" data-element_type=\"container\">\n\t\t<div class=\"elementor-element elementor-element-undefined-94f1b90 e-con-full e-flex e-con e-child\" data-id=\"undefined-94f1b90\" data-element_type=\"container\">\n\t\t\t\t<div class=\"elementor-element elementor-element-daf3fe0 elementor-widget elementor-widget-heading\" data-id=\"daf3fe0\" data-element_type=\"widget\" data-settings=\"{&quot;_animation&quot;:&quot;none&quot;,&quot;_animation_delay&quot;:200}\" data-widget_type=\"heading.default\">\n\t\t\t\t\t<h1 class=\"elementor-heading-title elementor-size-default\">Stimulacija i setovi do 150 razli\u010ditih vibracija<\/h1>\t\t\t\t<\/div>\n\t\t\t\t<div class=\"elementor-element elementor-element-0419162 elementor-widget elementor-widget-heading\" data-id=\"0419162\" data-element_type=\"widget\" data-widget_type=\"heading.default\">\n\t\t\t\t\t<span class=\"elementor-heading-title elementor-size-default\">od 65,00 \u20ac<\/span>\t\t\t\t<\/div>\n\t\t\t\t<\/div>\n\t\t\t\t<div class=\"elementor-element elementor-element-d0cce31 elementor-widget elementor-widget-text-editor\" data-id=\"d0cce31\" data-element_type=\"widget\" data-widget_type=\"text-editor.default\">\n\t\t\t\t\t\t\t\t\t<p>plus 22% PDV-a<\/p>\n\t\t\t\t\t\t\t\t<\/div>\n\t\t\t\t<div class=\"elementor-element elementor-element-b25bfae elementor-widget elementor-widget-text-editor\" data-id=\"b25bfae\" data-element_type=\"widget\" data-widget_type=\"text-editor.default\">\n\t\t\t\t\t\t\t\t\t<p>Osnovni rad za svakoga ko \u017eeli da radi sa vibracijama, zvukom i frekvencijama.<\/p>\n<p>Za sve profesionalce u muzici, medicini, psihologiji i nastavi. Visokokvalitetni produ\u017eetak za le\u010denje zdravih i bolesnih ljudi u svakodnevnom \u017eivotu.<\/p>\n\t\t\t\t\t\t\t\t<\/div>\n\t\t<div class=\"elementor-element elementor-element-undefined-6c78a60 e-con-full e-flex e-con e-child\" data-id=\"undefined-6c78a60\" data-element_type=\"container\">\n\t\t\t\t<div class=\"elementor-element elementor-element-3ae8e68 elementor-align-left elementor-widget elementor-widget-button\" data-id=\"3ae8e68\" data-element_type=\"widget\" data-widget_type=\"button.default\">\n\t\t\t\t\t\t\t\t\t\t<a class=\"elementor-button elementor-button-link elementor-size-sm\" href=\"#form\">\n\t\t\t\t\t\t<span class=\"elementor-button-content-wrapper\">\n\t\t\t\t\t\t\t\t\t<span class=\"elementor-button-text\">Potra\u017eite savet odmah<\/span>\n\t\t\t\t\t<\/span>\n\t\t\t\t\t<\/a>\n\t\t\t\t\t\t\t\t<\/div>\n\t\t\t\t<\/div>\n\t\t\t\t<\/div>\n\t\t\t\t\t<\/div>\n\t\t\t\t<\/div>\n\t\t<div class=\"elementor-element elementor-element-0375d5b e-flex e-con-boxed e-con e-parent\" data-id=\"0375d5b\" data-element_type=\"container\" data-settings=\"{&quot;background_background&quot;:&quot;classic&quot;}\">\n\t\t\t\t\t<div class=\"e-con-inner\">\n\t\t\t\t<div class=\"elementor-element elementor-element-8e5e7f3 elementor-widget elementor-widget-text-editor\" data-id=\"8e5e7f3\" data-element_type=\"widget\" data-widget_type=\"text-editor.default\">\n\t\t\t\t\t\t\t\t\t<p>432 Hz i OM vilju\u0161ka za pode\u0161avanje su tamo veoma dobri.<\/p>\n<p>432 Hz frekvencija pogodni tro\u0161kovi: 65,00 evra + 22% PDV-a + tro\u0161kovi dostave<\/p>\n<p>OM frekvencija pode\u0161eni tro\u0161kovi: KSNUMKS, -Euro + KSNUMKS% PDV + dostava<\/p>\n<p>\u010cakra Set = geeigt koji se sastoji od 7 razli\u010ditih vilju\u0161ki za pode\u0161avanje: 299,- evra + 22% PDV-a + tro\u0161kovi isporuke<\/p>\n<p>Svaka \u010dakra (1-7) kao odgovaraju\u0107a pojedina\u010dna vilju\u0161ka za pode\u0161avanje: 1 cena: 60,- evra + 22% PDV-a + dostava<\/p>\n<p>Solfeggio Set = tro\u0161kovi 9 vilju\u0161ki za pode\u0161avanje: + 22% PDV-a + dostava<\/p>\n<p>Fibona\u010dijev set = tro\u0161kovi vilju\u0161ke za pode\u0161avanje: + KSNUMKS% PDV + dostava<\/p>\n<p>Organ &#8211; set = 15 odgovaraju\u0107ih vilju\u0161ki za pode\u0161avanje tro\u0161kova: 590,00 evra + 22% PDV-a + dostava<\/p>\n<p>Meridian &#8211; Set 14 vilju\u0161ke za pode\u0161avanje cena: 415,00 evra + 22% PDV + dostava<\/p>\n<p>Kost &#8211; set pogodan; KSNUMKS Hz + KSNUMKS + KSNUMKS + KSNUMKS Hz tro\u0161kovi: KSNUMKS, &#8211; Evro + KSNUMKS% PDV + dostava<\/p>\n<p>Kosti + \u017eivci: 50 Hz pogodni tro\u0161kovi: 65,- evra + 22% PDV-a + dostava<\/p>\n<p>Set pesma ki\u010dme (ki\u010dmeno telo): 12 odgovaraju\u0107ih vilju\u0161ki za pode\u0161avanje: 499,00 evra + 22% PDV-a + dostava<\/p>\n<p>DNK vilju\u0161ke za pode\u0161avanje tro\u0161kova: 65,00 evra + 22% PDV-a + dostava<\/p>\n<p><span data-bm=\"1202\">O2<\/span> <span data-bm=\"1204\">vilju\u0161ka<\/span> za <span data-bm=\"1206\">pode\u0161avanje<\/span><span data-bm=\"1207\">:<\/span> <span data-bm=\"1209\">tro\u0161kovi<\/span><span data-bm=\"1210\">:<\/span> <span data-bm=\"1212\">65<\/span><span data-bm=\"1213\">,<\/span><span data-bm=\"1214\">00<\/span> <span data-bm=\"1216\">evra<\/span> <span data-bm=\"1218\">+<\/span> <span data-bm=\"1220\">22<\/span><span data-bm=\"1221\">%<\/span> <span data-bm=\"1223\">PDV<\/span><span data-bm=\"1224\">&#8211;<\/span><span data-bm=\"1225\">a<\/span> <span data-bm=\"1227\">+<\/span> <span data-bm=\"1229\">dostava<\/span> <span data-bm=\"1231\">Planetarni<\/span> <span data-bm=\"1233\">&#8211;<\/span> <span data-bm=\"1235\">Set<\/span> <span data-bm=\"1237\">11<\/span> <span data-bm=\"1239\">odgovaraju\u0107ih<\/span> <span data-bm=\"1241\">vilju\u0161ki<\/span> <span data-bm=\"1243\">cena<\/span><span data-bm=\"1244\">:<\/span> <span data-bm=\"1246\">499<\/span><span data-bm=\"1247\">,<\/span><span data-bm=\"1248\">&#8211;<\/span><span data-bm=\"1249\">Euro<\/span> <span data-bm=\"1251\">+<\/span> <span data-bm=\"1253\">22<\/span><span data-bm=\"1254\">%<\/span> <span data-bm=\"1256\">PDV<\/span> <span data-bm=\"1258\">+<\/span> <span data-bm=\"1260\">dostava<\/span><\/p>\n\t\t\t\t\t\t\t\t<\/div>\n\t\t\t\t\t<\/div>\n\t\t\t\t<\/div>\n\t\t<div class=\"elementor-element elementor-element-5d0764e e-flex e-con-boxed e-con e-parent\" data-id=\"5d0764e\" data-element_type=\"container\" data-settings=\"{&quot;background_background&quot;:&quot;classic&quot;}\">\n\t\t\t\t\t<div class=\"e-con-inner\">\n\t\t<div class=\"elementor-element elementor-element-20bd816 e-con-full e-flex e-con e-child\" data-id=\"20bd816\" data-element_type=\"container\">\n\t\t<div class=\"elementor-element elementor-element-e20bcdb e-con-full e-flex e-con e-child\" data-id=\"e20bcdb\" data-element_type=\"container\">\n\t\t\t\t<div class=\"elementor-element elementor-element-d24103d elementor-tabs-view-horizontal elementor-widget elementor-widget-tabs\" data-id=\"d24103d\" data-element_type=\"widget\" data-widget_type=\"tabs.default\">\n\t\t\t\t\t\t\t<div class=\"elementor-tabs\">\n\t\t\t<div class=\"elementor-tabs-wrapper\" role=\"tablist\" >\n\t\t\t\t\t\t\t\t\t<div id=\"elementor-tab-title-2201\" class=\"elementor-tab-title elementor-tab-desktop-title\" aria-selected=\"true\" data-tab=\"1\" role=\"tab\" tabindex=\"0\" aria-controls=\"elementor-tab-content-2201\" aria-expanded=\"false\">Opis<\/div>\n\t\t\t\t\t\t\t<\/div>\n\t\t\t<div class=\"elementor-tabs-content-wrapper\" role=\"tablist\" aria-orientation=\"vertical\">\n\t\t\t\t\t\t\t\t\t<div class=\"elementor-tab-title elementor-tab-mobile-title\" aria-selected=\"true\" data-tab=\"1\" role=\"tab\" tabindex=\"0\" aria-controls=\"elementor-tab-content-2201\" aria-expanded=\"false\">Opis<\/div>\n\t\t\t\t\t<div id=\"elementor-tab-content-2201\" class=\"elementor-tab-content elementor-clearfix\" data-tab=\"1\" role=\"tabpanel\" aria-labelledby=\"elementor-tab-title-2201\" tabindex=\"0\" hidden=\"false\"><p>Postoje razli\u010dite frekvencije koje se mogu uraditi kao sluh (zvuk) rad sa pro\u0161lo\u0161\u0107u u skladu sa razli\u010ditim psiholo\u0161kim pristupima iz muzikoterapije ili mladih ili ili. Rad na traumi, itd &#8230; dalji saveti mogu se na\u0107i u mojoj knjizi: Le\u010denje bolesti sa vibracijama ili prema novom u\u010denju i metodi Musicoterapia con l&#8217;Arpa u &#8222;ovde i sada&#8220; i znanje iz TAO i kineske medicine, vi\u0161e u vezi sa telom zadr\u017eavaju\u0107i Merdian u\u010denja i fizi\u010dka i bolna interferencija polja za sada\u0161njost. Model se predaje na kursevima obuke, posebno na 2. nivou. Dobro, koji tuning vilju\u0161ke set ili pojedina\u010dni tuning vilju\u0161ke su dostupni. \u0160kola za obuku pridaje veliki zna\u010daj odgovaraju\u0107im vilju\u0161kama za pode\u0161avanje.<br \/>\nSamo tamo gde nisu dostupni, jer oni nisu proizvedeni, da se vratimo na neprikladne vilju\u0161ke za pode\u0161avanje i koristimo ih u le\u010denju. Rad se obavlja sa hercem: 1 Hz = oscilacija u jednoj sekundi. Harmoni\u010dna zvu\u010dna la\u017e \u00a0kao uzrok pronalaza\u010d je pode\u0161en u 432 Hz = 432 oscilacije u jednoj sekundi i odra\u017eava na\u0161e bi\u0107e. Tokom terapije, zatim koristimo mnoge pojedina\u010dne vilju\u0161ke za pode\u0161avanje Hz-frekvencije. Neke vibracije se vi\u0161e ne mogu \u010duti uhom, ve\u0107 se samo ose\u0107aju. Neki imaju jake vibracije koje ose\u0107ate, drugi imaju meke vibracije. Mi smo pojedinci i imamo li\u010dnu potrebu za vibracionom silom tokom le\u010denja. To \u0107e biti odlu\u010deno nakon \u0161to se prona\u0111e uzrok. Sada na upotrebu za neiskusne.<\/p>\n<\/div>\n\t\t\t\t\t\t\t<\/div>\n\t\t<\/div>\n\t\t\t\t\t\t<\/div>\n\t\t\t\t<\/div>\n\t\t\t\t<\/div>\n\t\t\t\t\t<\/div>\n\t\t\t\t<\/div>\n\t\t\t\t<section class=\"elementor-section elementor-top-section elementor-element elementor-element-fc69c45 elementor-section-boxed elementor-section-height-default elementor-section-height-default\" data-id=\"fc69c45\" data-element_type=\"section\" id=\"form\" data-settings=\"{&quot;background_background&quot;:&quot;classic&quot;}\">\n\t\t\t\t\t\t<div class=\"elementor-container elementor-column-gap-default\">\n\t\t\t\t\t<div class=\"elementor-column elementor-col-33 elementor-top-column elementor-element elementor-element-9931262 elementor-hidden-tablet elementor-hidden-mobile\" data-id=\"9931262\" data-element_type=\"column\">\n\t\t\t<div class=\"elementor-widget-wrap\">\n\t\t\t\t\t\t\t<\/div>\n\t\t<\/div>\n\t\t\t\t<div class=\"elementor-column elementor-col-33 elementor-top-column elementor-element elementor-element-70ac302\" data-id=\"70ac302\" data-element_type=\"column\">\n\t\t\t<div class=\"elementor-widget-wrap elementor-element-populated\">\n\t\t\t\t\t\t<div class=\"elementor-element elementor-element-5409677 elementor-widget-divider--view-line_text elementor-widget-divider--element-align-right elementor-widget elementor-widget-divider\" data-id=\"5409677\" data-element_type=\"widget\" data-widget_type=\"divider.default\">\n\t\t\t\t\t\t\t<div class=\"elementor-divider\">\n\t\t\t<span class=\"elementor-divider-separator\">\n\t\t\t\t\t\t\t<span class=\"elementor-divider__text elementor-divider__element\">\n\t\t\t\tObrasca\t\t\t\t<\/span>\n\t\t\t\t\t\t<\/span>\n\t\t<\/div>\n\t\t\t\t\t\t<\/div>\n\t\t\t\t<div class=\"elementor-element elementor-element-8919095 elementor-widget elementor-widget-heading\" data-id=\"8919095\" data-element_type=\"widget\" data-widget_type=\"heading.default\">\n\t\t\t\t\t<h2 class=\"elementor-heading-title elementor-size-default\">Potra\u017eite savet odmah<\/h2>\t\t\t\t<\/div>\n\t\t\t\t<div class=\"elementor-element elementor-element-c397959 elementor-button-align-stretch elementor-widget elementor-widget-global elementor-global-4191 elementor-widget-form\" data-id=\"c397959\" data-element_type=\"widget\" data-settings=\"{&quot;step_next_label&quot;:&quot;Next&quot;,&quot;step_previous_label&quot;:&quot;Previous&quot;,&quot;button_width&quot;:&quot;100&quot;,&quot;step_type&quot;:&quot;number_text&quot;,&quot;step_icon_shape&quot;:&quot;circle&quot;}\" data-widget_type=\"form.default\">\n\t\t\t\t\t\t\t<form class=\"elementor-form\" method=\"post\" name=\"Produktformular\" aria-label=\"Produktformular\">\n\t\t\t<input type=\"hidden\" name=\"post_id\" value=\"5467\"\/>\n\t\t\t<input type=\"hidden\" name=\"form_id\" value=\"c397959\"\/>\n\t\t\t<input type=\"hidden\" name=\"referer_title\" value=\"\" \/>\n\n\t\t\t\n\t\t\t<div class=\"elementor-form-fields-wrapper elementor-labels-\">\n\t\t\t\t\t\t\t\t<div class=\"elementor-field-type-text elementor-field-group elementor-column elementor-field-group-name elementor-col-100 elementor-field-required\">\n\t\t\t\t\t\t\t\t\t\t\t\t<label for=\"form-field-name\" class=\"elementor-field-label elementor-screen-only\">\n\t\t\t\t\t\t\t\tName\t\t\t\t\t\t\t<\/label>\n\t\t\t\t\t\t\t\t\t\t\t\t\t\t<input size=\"1\" type=\"text\" name=\"form_fields[name]\" id=\"form-field-name\" class=\"elementor-field elementor-size-sm  elementor-field-textual\" placeholder=\"Vor- und Nachname\" required=\"required\">\n\t\t\t\t\t\t\t\t\t\t\t<\/div>\n\t\t\t\t\t\t\t\t<div class=\"elementor-field-type-email elementor-field-group elementor-column elementor-field-group-email elementor-col-100 elementor-field-required\">\n\t\t\t\t\t\t\t\t\t\t\t\t<label for=\"form-field-email\" class=\"elementor-field-label elementor-screen-only\">\n\t\t\t\t\t\t\t\tE-Mail\t\t\t\t\t\t\t<\/label>\n\t\t\t\t\t\t\t\t\t\t\t\t\t\t<input size=\"1\" type=\"email\" name=\"form_fields[email]\" id=\"form-field-email\" class=\"elementor-field elementor-size-sm  elementor-field-textual\" placeholder=\"E-Mail\" required=\"required\">\n\t\t\t\t\t\t\t\t\t\t\t<\/div>\n\t\t\t\t\t\t\t\t<div class=\"elementor-field-type-number elementor-field-group elementor-column elementor-field-group-field_5943210 elementor-col-100\">\n\t\t\t\t\t\t\t\t\t\t\t\t<label for=\"form-field-field_5943210\" class=\"elementor-field-label elementor-screen-only\">\n\t\t\t\t\t\t\t\tTelefon\t\t\t\t\t\t\t<\/label>\n\t\t\t\t\t\t\t\t\t<input type=\"number\" name=\"form_fields[field_5943210]\" id=\"form-field-field_5943210\" class=\"elementor-field elementor-size-sm  elementor-field-textual\" placeholder=\"Telefon (optional)\" min=\"\" max=\"\" >\n\t\t\t\t\t\t<\/div>\n\t\t\t\t\t\t\t\t<div class=\"elementor-field-type-textarea elementor-field-group elementor-column elementor-field-group-message elementor-col-100 elementor-field-required\">\n\t\t\t\t\t\t\t\t\t\t\t\t<label for=\"form-field-message\" class=\"elementor-field-label elementor-screen-only\">\n\t\t\t\t\t\t\t\tNachricht\t\t\t\t\t\t\t<\/label>\n\t\t\t\t\t\t<textarea class=\"elementor-field-textual elementor-field  elementor-size-sm\" name=\"form_fields[message]\" id=\"form-field-message\" rows=\"4\" placeholder=\"Nachricht...\" required=\"required\"><\/textarea>\t\t\t\t<\/div>\n\t\t\t\t\t\t\t\t<div class=\"elementor-field-type-acceptance elementor-field-group elementor-column elementor-field-group-field_0e58671 elementor-col-100 elementor-field-required\">\n\t\t\t\t\t\t\t<div class=\"elementor-field-subgroup\">\n\t\t\t<span class=\"elementor-field-option\">\n\t\t\t\t<input type=\"checkbox\" name=\"form_fields[field_0e58671]\" id=\"form-field-field_0e58671\" class=\"elementor-field elementor-size-sm  elementor-acceptance-field\" required=\"required\">\n\t\t\t\t<label for=\"form-field-field_0e58671\">Hiermit stimme ich dem <a href=\"\/datenschutz\"> Datenschutz<\/a> dieser Website zu.<\/label>\t\t\t<\/span>\n\t\t<\/div>\n\t\t\t\t\t\t<\/div>\n\t\t\t\t\t\t\t\t<div class=\"elementor-field-type-text\">\n\t\t\t\t\t<input size=\"1\" type=\"text\" name=\"form_fields[field_d45bb62]\" id=\"form-field-field_d45bb62\" class=\"elementor-field elementor-size-sm \" style=\"display:none !important;\">\t\t\t\t<\/div>\n\t\t\t\t\t\t\t\t<div class=\"elementor-field-type-recaptcha_v3 elementor-field-group elementor-column elementor-field-group-field_197d1dc elementor-col-100 recaptcha_v3-inline\">\n\t\t\t\t\t<div class=\"elementor-field\" id=\"form-field-field_197d1dc\"><div class=\"elementor-g-recaptcha\" data-sitekey=\"6Le8ecEqAAAAANtl8QhpCMQt2rNDtvFbnWP7-IHS\" data-type=\"v3\" data-action=\"Form\" data-badge=\"inline\" data-size=\"invisible\"><\/div><\/div>\t\t\t\t<\/div>\n\t\t\t\t\t\t\t\t<div class=\"elementor-field-group elementor-column elementor-field-type-submit elementor-col-100 e-form__buttons\">\n\t\t\t\t\t<button class=\"elementor-button elementor-size-sm\" type=\"submit\">\n\t\t\t\t\t\t<span class=\"elementor-button-content-wrapper\">\n\t\t\t\t\t\t\t\t\t\t\t\t\t\t\t\t\t\t\t\t\t\t<span class=\"elementor-button-text\">Jetzt beraten lassen<\/span>\n\t\t\t\t\t\t\t\t\t\t\t\t\t<\/span>\n\t\t\t\t\t<\/button>\n\t\t\t\t<\/div>\n\t\t\t<\/div>\n\t\t<\/form>\n\t\t\t\t\t\t<\/div>\n\t\t\t\t\t<\/div>\n\t\t<\/div>\n\t\t\t\t<div class=\"elementor-column elementor-col-33 elementor-top-column elementor-element elementor-element-4a947aa elementor-hidden-tablet elementor-hidden-mobile\" data-id=\"4a947aa\" data-element_type=\"column\">\n\t\t\t<div class=\"elementor-widget-wrap\">\n\t\t\t\t\t\t\t<\/div>\n\t\t<\/div>\n\t\t\t\t\t<\/div>\n\t\t<\/section>\n\t\t\t\t<\/div>\n\t\t","protected":false},"excerpt":{"rendered":"<p>Stimulacija i setovi do 150 razli\u010ditih vibracija od 65,00 \u20ac plus 22% PDV-a Osnovni rad za svakoga ko \u017eeli da radi sa vibracijama, zvukom i frekvencijama. Za sve profesionalce u muzici, medicini, psihologiji i nastavi. Visokokvalitetni produ\u017eetak za le\u010denje zdravih i bolesnih ljudi u svakodnevnom \u017eivotu. Potra\u017eite savet odmah 432 Hz i OM vilju\u0161ka za [&hellip;]<\/p>\n","protected":false},"author":3,"featured_media":0,"parent":0,"menu_order":0,"comment_status":"closed","ping_status":"closed","template":"elementor_header_footer","meta":{"footnotes":""},"class_list":["post-5467","page","type-page","status-publish","hentry"],"_links":{"self":[{"href":"https:\/\/musicoterapiaconlarpa.com\/sr\/wp-json\/wp\/v2\/pages\/5467","targetHints":{"allow":["GET"]}}],"collection":[{"href":"https:\/\/musicoterapiaconlarpa.com\/sr\/wp-json\/wp\/v2\/pages"}],"about":[{"href":"https:\/\/musicoterapiaconlarpa.com\/sr\/wp-json\/wp\/v2\/types\/page"}],"author":[{"embeddable":true,"href":"https:\/\/musicoterapiaconlarpa.com\/sr\/wp-json\/wp\/v2\/users\/3"}],"replies":[{"embeddable":true,"href":"https:\/\/musicoterapiaconlarpa.com\/sr\/wp-json\/wp\/v2\/comments?post=5467"}],"version-history":[{"count":3,"href":"https:\/\/musicoterapiaconlarpa.com\/sr\/wp-json\/wp\/v2\/pages\/5467\/revisions"}],"predecessor-version":[{"id":5472,"href":"https:\/\/musicoterapiaconlarpa.com\/sr\/wp-json\/wp\/v2\/pages\/5467\/revisions\/5472"}],"wp:attachment":[{"href":"https:\/\/musicoterapiaconlarpa.com\/sr\/wp-json\/wp\/v2\/media?parent=5467"}],"curies":[{"name":"wp","href":"https:\/\/api.w.org\/{rel}","templated":true}]}}