{"id":4513,"date":"2024-04-28T20:55:45","date_gmt":"2024-04-28T20:55:45","guid":{"rendered":"https:\/\/musicoterapiaconlarpa.com\/datenschutz\/"},"modified":"2025-06-23T14:09:00","modified_gmt":"2025-06-23T14:09:00","slug":"datenschutz","status":"publish","type":"page","link":"https:\/\/musicoterapiaconlarpa.com\/es\/datenschutz\/","title":{"rendered":"Datenschutz"},"content":{"rendered":"\t\t<div data-elementor-type=\"wp-page\" data-elementor-id=\"4513\" class=\"elementor elementor-4513 elementor-3\" data-elementor-post-type=\"page\">\n\t\t\t\t<div class=\"elementor-element elementor-element-7160adc9 e-flex e-con-boxed e-con e-parent\" data-id=\"7160adc9\" data-element_type=\"container\">\n\t\t\t\t\t<div class=\"e-con-inner\">\n\t\t\t\t<div class=\"elementor-element elementor-element-4deefa2a elementor-widget elementor-widget-text-editor\" data-id=\"4deefa2a\" data-element_type=\"widget\" data-widget_type=\"text-editor.default\">\n\t\t\t\t\t\t\t\t\t<h2 class=\"wp-block-heading\">Datenschutzerkl\u00e4rung<\/h2>\n<p>Verantwortlich f\u00fcr die Verarbeitung Ihrer personenbezogenen Daten auf dieser Website ist:<br \/>\nMonika Paul<br \/>\nUnder Rebstock 2a<br \/>\n6017 Ruswil<br \/>\n<a>monika.paulid@gmail.com<\/a><\/p>\n<p class=\"\" data-start=\"799\" data-end=\"844\"><strong data-start=\"799\" data-end=\"844\">Allgemeine Hinweise zur Datenverarbeitung<\/strong><\/p>\n<p class=\"\" data-start=\"846\" data-end=\"1109\">Personenbezogene Daten sind alle Angaben, die sich auf eine bestimmte oder bestimmbare Person beziehen, beispielsweise Name, E-Mail-Adresse oder IP-Adresse. Wir behandeln diese Daten vertraulich und entsprechend den geltenden Datenschutzvorschriften der Schweiz.<\/p>\n<p class=\"\" data-start=\"1111\" data-end=\"1122\"><strong data-start=\"1111\" data-end=\"1122\">Hosting<\/strong><\/p>\n<p class=\"\" data-start=\"1124\" data-end=\"1623\">Diese Website wird bei <strong data-start=\"1147\" data-end=\"1185\">ALL-INKL.COM \u2013 Neue Medien M\u00fcnnich<\/strong>, Deutschland, gehostet. Im Rahmen des Hostings werden technische Daten wie IP-Adressen, Zeitpunkt der Zugriffe und Informationen \u00fcber den verwendeten Browser erfasst. Diese Daten sind notwendig, um einen sicheren und stabilen Betrieb der Website zu gew\u00e4hrleisten. Weitere Informationen finden Sie in der Datenschutzerkl\u00e4rung von All-Inkl:<br data-start=\"1524\" data-end=\"1527\" \/><a class=\"\" href=\"https:\/\/all-inkl.com\/datenschutzinformationen\/\" target=\"_new\" rel=\"noopener\" data-start=\"1527\" data-end=\"1623\">https:\/\/all-inkl.com\/datenschutzinformationen\/<\/a><\/p>\n<p class=\"\" data-start=\"1625\" data-end=\"1651\"><strong data-start=\"1625\" data-end=\"1651\">Verwendung von Cookies<\/strong><\/p>\n<p class=\"\" data-start=\"1653\" data-end=\"1945\">Diese Website verwendet Cookies, um bestimmte Funktionen bereitzustellen und die Nutzerfreundlichkeit zu verbessern. Sie haben bei Ihrem ersten Besuch die M\u00f6glichkeit, \u00fcber das eingebundene Cookie-Management-Tool Ihre Zustimmung zu bestimmten Kategorien von Cookies zu geben oder abzulehnen.<\/p>\n<p class=\"\" data-start=\"1947\" data-end=\"2171\">Das eingesetzte Tool <strong data-start=\"1968\" data-end=\"2008\">Complianz | GDPR\/CCPA Cookie Consent<\/strong> speichert Ihre Einwilligung oder Ablehnung in einem Cookie auf Ihrem Ger\u00e4t. Es findet keine Weitergabe personenbezogener Daten an Dritte \u00fcber dieses Plugin statt.<\/p>\n<p class=\"\" data-start=\"2173\" data-end=\"2236\"><strong data-start=\"2173\" data-end=\"2236\">Eingesetzte Plugins mit personenbezogener Datenverarbeitung<\/strong><\/p>\n<p class=\"\" data-start=\"2238\" data-end=\"2374\"><strong data-start=\"2238\" data-end=\"2278\">Complianz | GDPR\/CCPA Cookie Consent<\/strong><br data-start=\"2278\" data-end=\"2281\" \/>Verarbeitet Ihre Cookie-Einwilligungen und speichert diese lokal. Keine Weitergabe an Dritte.<\/p>\n<p class=\"\" data-start=\"2376\" data-end=\"2626\"><strong data-start=\"2376\" data-end=\"2392\">Easy WP SMTP<\/strong><br data-start=\"2392\" data-end=\"2395\" \/>Zum Versand von Formularinhalten (z.\u202fB. \u00fcber Kontaktformulare) wird ein SMTP-Dienst verwendet. Dabei k\u00f6nnen Ihre eingegebenen personenbezogenen Daten wie Name, E-Mail-Adresse und Nachricht an einen E-Mail-Server \u00fcbermittelt werden.<\/p>\n<p class=\"\" data-start=\"2628\" data-end=\"2882\"><strong data-start=\"2628\" data-end=\"2645\">Elementor<\/strong><br data-start=\"2645\" data-end=\"2648\" \/>Dieses Plugin wird zur Gestaltung von Webseiteninhalten und Formularen verwendet. Daten, die Sie in Formularen eingeben, werden direkt an die verantwortliche Stelle \u00fcbermittelt. Es findet keine automatische Weitergabe an Dritte statt.<\/p>\n<p class=\"\" data-start=\"2884\" data-end=\"3123\"><strong data-start=\"2884\" data-end=\"2903\">Weitere Plugins<\/strong> wie <em data-start=\"2979\" data-end=\"3005\">Simple Custom CSS and JS<\/em> und <em data-start=\"3010\" data-end=\"3016\">WPML<\/em> dienen der Funktionalit\u00e4t sowie Gestaltung der Website und verarbeiten selbst keine personenbezogenen Daten.<\/p>\n<p class=\"\" data-start=\"3125\" data-end=\"3144\"><strong data-start=\"3125\" data-end=\"3144\">Kontaktaufnahme<\/strong><\/p>\n<p class=\"\" data-start=\"3146\" data-end=\"3342\">Wenn Sie uns per E-Mail oder \u00fcber ein Kontaktformular kontaktieren, speichern wir Ihre Angaben, um Ihre Anfrage bearbeiten zu k\u00f6nnen. Diese Daten werden ohne Ihre Einwilligung nicht weitergegeben.<\/p>\n<p class=\"\" data-start=\"3344\" data-end=\"3359\"><strong data-start=\"3344\" data-end=\"3359\">Ihre Rechte<\/strong><\/p>\n<p class=\"\" data-start=\"3361\" data-end=\"3751\">Sie haben das Recht, Auskunft \u00fcber Ihre gespeicherten personenbezogenen Daten zu verlangen sowie deren Berichtigung oder L\u00f6schung zu beantragen, sofern keine gesetzliche Aufbewahrungspflicht besteht. Dar\u00fcber hinaus k\u00f6nnen Sie die Einschr\u00e4nkung der Verarbeitung oder den Widerruf einer bereits erteilten Einwilligung verlangen. Bitte wenden Sie sich dazu an die oben genannte Kontaktadresse.<\/p>\n<p class=\"\" data-start=\"3753\" data-end=\"3767\"><strong data-start=\"3753\" data-end=\"3767\">\u00c4nderungen<\/strong><\/p>\n<p class=\"\" data-start=\"3769\" data-end=\"3940\">Diese Datenschutzerkl\u00e4rung kann bei \u00c4nderungen an der Website oder rechtlichen Vorgaben angepasst werden. Die jeweils aktuelle Version finden Sie stets auf dieser Website.<\/p>\n<p class=\"\" data-start=\"3942\" data-end=\"3963\"><strong data-start=\"3942\" data-end=\"3951\">Stand<\/strong>: Februar 2025<\/p>\n\t\t\t\t\t\t\t\t<\/div>\n\t\t\t\t\t<\/div>\n\t\t\t\t<\/div>\n\t\t\t\t<\/div>\n\t\t","protected":false},"excerpt":{"rendered":"<p>Datenschutzerkl\u00e4rung Verantwortlich f\u00fcr die Verarbeitung Ihrer personenbezogenen Daten auf dieser Website ist: Monika Paul Under Rebstock 2a 6017 Ruswil monika.paulid@gmail.com Allgemeine Hinweise zur Datenverarbeitung Personenbezogene Daten sind alle Angaben, die sich auf eine bestimmte oder bestimmbare Person beziehen, beispielsweise Name, E-Mail-Adresse oder IP-Adresse. Wir behandeln diese Daten vertraulich und entsprechend den geltenden Datenschutzvorschriften der Schweiz. [&hellip;]<\/p>\n","protected":false},"author":3,"featured_media":0,"parent":0,"menu_order":0,"comment_status":"closed","ping_status":"closed","template":"elementor_header_footer","meta":{"footnotes":""},"class_list":["post-4513","page","type-page","status-publish","hentry"],"_links":{"self":[{"href":"https:\/\/musicoterapiaconlarpa.com\/es\/wp-json\/wp\/v2\/pages\/4513","targetHints":{"allow":["GET"]}}],"collection":[{"href":"https:\/\/musicoterapiaconlarpa.com\/es\/wp-json\/wp\/v2\/pages"}],"about":[{"href":"https:\/\/musicoterapiaconlarpa.com\/es\/wp-json\/wp\/v2\/types\/page"}],"author":[{"embeddable":true,"href":"https:\/\/musicoterapiaconlarpa.com\/es\/wp-json\/wp\/v2\/users\/3"}],"replies":[{"embeddable":true,"href":"https:\/\/musicoterapiaconlarpa.com\/es\/wp-json\/wp\/v2\/comments?post=4513"}],"version-history":[{"count":10,"href":"https:\/\/musicoterapiaconlarpa.com\/es\/wp-json\/wp\/v2\/pages\/4513\/revisions"}],"predecessor-version":[{"id":5646,"href":"https:\/\/musicoterapiaconlarpa.com\/es\/wp-json\/wp\/v2\/pages\/4513\/revisions\/5646"}],"wp:attachment":[{"href":"https:\/\/musicoterapiaconlarpa.com\/es\/wp-json\/wp\/v2\/media?parent=4513"}],"curies":[{"name":"wp","href":"https:\/\/api.w.org\/{rel}","templated":true}]}}