{"id":4502,"date":"2025-01-14T14:34:56","date_gmt":"2025-01-14T14:34:56","guid":{"rendered":"https:\/\/musicoterapiaconlarpa.com\/klangschalten-nach-noten\/"},"modified":"2025-02-21T14:08:35","modified_gmt":"2025-02-21T14:08:35","slug":"klangschalten-nach-noten","status":"publish","type":"page","link":"https:\/\/musicoterapiaconlarpa.com\/es\/klangschalten-nach-noten\/","title":{"rendered":"Campane tibetane seg\u00fan notas"},"content":{"rendered":"\t\t<div data-elementor-type=\"wp-page\" data-elementor-id=\"4502\" class=\"elementor elementor-4502 elementor-3083\" data-elementor-post-type=\"page\">\n\t\t\t\t<div class=\"elementor-element elementor-element-undefined-6c73cf8 e-flex e-con-boxed e-con e-parent\" data-id=\"undefined-6c73cf8\" data-element_type=\"container\">\n\t\t\t\t\t<div class=\"e-con-inner\">\n\t\t<div class=\"elementor-element elementor-element-undefined-25e9217 e-con-full e-flex e-con e-child\" data-id=\"undefined-25e9217\" data-element_type=\"container\">\n\t\t\t\t<div class=\"elementor-element elementor-element-undefined-69524a4 elementor-widget elementor-widget-image\" data-id=\"undefined-69524a4\" data-element_type=\"widget\" data-widget_type=\"image.default\">\n\t\t\t\t\t\t\t\t\t\t\t\t\t\t\t<img fetchpriority=\"high\" decoding=\"async\" width=\"1528\" height=\"600\" src=\"https:\/\/musicoterapiaconlarpa.com\/wp-content\/uploads\/2025\/01\/klangschalen-1.jpg\" class=\"attachment-full size-full wp-image-3092\" alt=\"\" srcset=\"https:\/\/musicoterapiaconlarpa.com\/wp-content\/uploads\/2025\/01\/klangschalen-1.jpg 1528w, https:\/\/musicoterapiaconlarpa.com\/wp-content\/uploads\/2025\/01\/klangschalen-1-300x118.jpg 300w, https:\/\/musicoterapiaconlarpa.com\/wp-content\/uploads\/2025\/01\/klangschalen-1-1024x402.jpg 1024w, https:\/\/musicoterapiaconlarpa.com\/wp-content\/uploads\/2025\/01\/klangschalen-1-768x302.jpg 768w\" sizes=\"(max-width: 1528px) 100vw, 1528px\" \/>\t\t\t\t\t\t\t\t\t\t\t\t\t\t\t<\/div>\n\t\t\t\t<\/div>\n\t\t<div class=\"elementor-element elementor-element-undefined-7b5fd66 e-con-full e-flex e-con e-child\" data-id=\"undefined-7b5fd66\" data-element_type=\"container\">\n\t\t<div class=\"elementor-element elementor-element-undefined-94f1b90 e-con-full e-flex e-con e-child\" data-id=\"undefined-94f1b90\" data-element_type=\"container\">\n\t\t\t\t<div class=\"elementor-element elementor-element-daf3fe0 elementor-widget elementor-widget-heading\" data-id=\"daf3fe0\" data-element_type=\"widget\" data-settings=\"{&quot;_animation&quot;:&quot;none&quot;,&quot;_animation_delay&quot;:200}\" data-widget_type=\"heading.default\">\n\t\t\t\t\t<h1 class=\"elementor-heading-title elementor-size-default\">Campane tibetane seg\u00fan notas<\/h1>\t\t\t\t<\/div>\n\t\t\t\t<div class=\"elementor-element elementor-element-0419162 elementor-widget elementor-widget-heading\" data-id=\"0419162\" data-element_type=\"widget\" data-widget_type=\"heading.default\">\n\t\t\t\t\t<span class=\"elementor-heading-title elementor-size-default\">kg - 140,00 euros<\/span>\t\t\t\t<\/div>\n\t\t\t\t<\/div>\n\t\t\t\t<div class=\"elementor-element elementor-element-d0cce31 elementor-widget elementor-widget-text-editor\" data-id=\"d0cce31\" data-element_type=\"widget\" data-widget_type=\"text-editor.default\">\n\t\t\t\t\t\t\t\t\t<p>m\u00e1s 22% IVA.<\/p>\n\t\t\t\t\t\t\t\t<\/div>\n\t\t\t\t<div class=\"elementor-element elementor-element-b25bfae elementor-widget elementor-widget-text-editor\" data-id=\"b25bfae\" data-element_type=\"widget\" data-widget_type=\"text-editor.default\">\n\t\t\t\t\t\t\t\t\t<p>Campane tibetane seg\u00fan notas de Nepal.<\/p>\n<p>En los cursos de formaci\u00f3n le ense\u00f1amos exactamente c\u00f3mo funcionan los campane tibeane y c\u00f3mo utilizarlos de una manera espec\u00edfica.<\/p>\n<p>Independientemente de esto, tambi\u00e9n se pueden utilizar libremente para fines espirituales de acuerdo con un sentimiento visceral libre<\/p>\n\t\t\t\t\t\t\t\t<\/div>\n\t\t<div class=\"elementor-element elementor-element-undefined-6c78a60 e-con-full e-flex e-con e-child\" data-id=\"undefined-6c78a60\" data-element_type=\"container\">\n\t\t\t\t<div class=\"elementor-element elementor-element-3ae8e68 elementor-align-left elementor-widget elementor-widget-button\" data-id=\"3ae8e68\" data-element_type=\"widget\" data-widget_type=\"button.default\">\n\t\t\t\t\t\t\t\t\t\t<a class=\"elementor-button elementor-button-link elementor-size-sm\" href=\"#form\">\n\t\t\t\t\t\t<span class=\"elementor-button-content-wrapper\">\n\t\t\t\t\t\t\t\t\t<span class=\"elementor-button-text\">Obtenga asesoramiento ahora<\/span>\n\t\t\t\t\t<\/span>\n\t\t\t\t\t<\/a>\n\t\t\t\t\t\t\t\t<\/div>\n\t\t\t\t<\/div>\n\t\t\t\t<\/div>\n\t\t\t\t\t<\/div>\n\t\t\t\t<\/div>\n\t\t<div class=\"elementor-element elementor-element-5d0764e e-flex e-con-boxed e-con e-parent\" data-id=\"5d0764e\" data-element_type=\"container\" data-settings=\"{&quot;background_background&quot;:&quot;classic&quot;}\">\n\t\t\t\t\t<div class=\"e-con-inner\">\n\t\t<div class=\"elementor-element elementor-element-20bd816 e-con-full e-flex e-con e-child\" data-id=\"20bd816\" data-element_type=\"container\">\n\t\t<div class=\"elementor-element elementor-element-e20bcdb e-con-full e-flex e-con e-child\" data-id=\"e20bcdb\" data-element_type=\"container\">\n\t\t\t\t<div class=\"elementor-element elementor-element-d24103d elementor-tabs-view-horizontal elementor-widget elementor-widget-tabs\" data-id=\"d24103d\" data-element_type=\"widget\" data-widget_type=\"tabs.default\">\n\t\t\t\t\t\t\t<div class=\"elementor-tabs\">\n\t\t\t<div class=\"elementor-tabs-wrapper\" role=\"tablist\" >\n\t\t\t\t\t\t\t\t\t<div id=\"elementor-tab-title-2201\" class=\"elementor-tab-title elementor-tab-desktop-title\" aria-selected=\"true\" data-tab=\"1\" role=\"tab\" tabindex=\"0\" aria-controls=\"elementor-tab-content-2201\" aria-expanded=\"false\">Descripci\u00f3n de los cuencos<\/div>\n\t\t\t\t\t\t\t\t\t<div id=\"elementor-tab-title-2202\" class=\"elementor-tab-title elementor-tab-desktop-title\" aria-selected=\"false\" data-tab=\"2\" role=\"tab\" tabindex=\"-1\" aria-controls=\"elementor-tab-content-2202\" aria-expanded=\"false\">Propiedades particulares<\/div>\n\t\t\t\t\t\t\t\t\t<div id=\"elementor-tab-title-2203\" class=\"elementor-tab-title elementor-tab-desktop-title\" aria-selected=\"false\" data-tab=\"3\" role=\"tab\" tabindex=\"-1\" aria-controls=\"elementor-tab-content-2203\" aria-expanded=\"false\">Datos t\u00e9cnicos<\/div>\n\t\t\t\t\t\t\t<\/div>\n\t\t\t<div class=\"elementor-tabs-content-wrapper\" role=\"tablist\" aria-orientation=\"vertical\">\n\t\t\t\t\t\t\t\t\t<div class=\"elementor-tab-title elementor-tab-mobile-title\" aria-selected=\"true\" data-tab=\"1\" role=\"tab\" tabindex=\"0\" aria-controls=\"elementor-tab-content-2201\" aria-expanded=\"false\">Descripci\u00f3n de los cuencos<\/div>\n\t\t\t\t\t<div id=\"elementor-tab-content-2201\" class=\"elementor-tab-content elementor-clearfix\" data-tab=\"1\" role=\"tabpanel\" aria-labelledby=\"elementor-tab-title-2201\" tabindex=\"0\" hidden=\"false\"><table style=\"font-weight: 400;\">\n<tbody>\n<tr>\n<td width=\"163\"><\/td>\n<td width=\"163\">Escala internacional<\/td>\n<td width=\"163\">Escala italiana<\/td>\n<td width=\"163\">Escala solfego<\/td>\n<\/tr>\n<tr>\n<td width=\"163\"><\/td>\n<td width=\"163\">A<\/td>\n<td width=\"163\">La<\/td>\n<td width=\"163\">la<\/td>\n<\/tr>\n<tr>\n<td width=\"163\"><\/td>\n<td width=\"163\">B<\/td>\n<td width=\"163\">Si<\/td>\n<td width=\"163\"><\/td>\n<\/tr>\n<tr>\n<td width=\"163\"><\/td>\n<td width=\"163\">C<\/td>\n<td width=\"163\">Do<\/td>\n<td width=\"163\">ut<\/td>\n<\/tr>\n<tr>\n<td width=\"163\"><\/td>\n<td width=\"163\">D<\/td>\n<td width=\"163\">Re<\/td>\n<td width=\"163\">\u00a0re<\/td>\n<\/tr>\n<tr>\n<td width=\"163\"><\/td>\n<td width=\"163\">E<\/td>\n<td width=\"163\">Mi<\/td>\n<td width=\"163\">mi<\/td>\n<\/tr>\n<tr>\n<td width=\"163\"><\/td>\n<td width=\"163\">F<\/td>\n<td width=\"163\">Fa<\/td>\n<td width=\"163\">\u00a0fa<\/td>\n<\/tr>\n<tr>\n<td width=\"163\"><\/td>\n<td width=\"163\">G<\/td>\n<td width=\"163\">Sol<\/td>\n<td width=\"163\">\u00a0sol<\/td>\n<\/tr>\n<tr>\n<td width=\"163\"><\/td>\n<td width=\"163\">H<\/td>\n<td width=\"163\"><\/td>\n<td width=\"163\"><\/td>\n<\/tr>\n<\/tbody>\n<\/table>\n<p>El precio se basa en el peso. 1 kg de cuencos tibetanos afinados seg\u00fan\/en notas cuesta 140,00 euros. Se pueden utilizar cuencos tibetanos peque\u00f1os o grandes. El peso determina el precio final. Estos cmpane tibetane tienen un alto valor terap\u00e9utico. Cada nota tiene una vibraci\u00f3n diferente y por lo tanto es muy eficaz en el cuerpo y la psicoterapia. Qu\u00e9 nota funciona c\u00f3mo se ense\u00f1a en el curso de formaci\u00f3n Musicoterapia con l&#8217;arpa<\/p>\n<\/div>\n\t\t\t\t\t\t\t\t\t<div class=\"elementor-tab-title elementor-tab-mobile-title\" aria-selected=\"false\" data-tab=\"2\" role=\"tab\" tabindex=\"-1\" aria-controls=\"elementor-tab-content-2202\" aria-expanded=\"false\">Propiedades particulares<\/div>\n\t\t\t\t\t<div id=\"elementor-tab-content-2202\" class=\"elementor-tab-content elementor-clearfix\" data-tab=\"2\" role=\"tabpanel\" aria-labelledby=\"elementor-tab-title-2202\" tabindex=\"0\" hidden=\"hidden\"><ul>\n<li>Calidad probada<br \/>\nLa calidad de nuestros productos est\u00e1 probada<\/li>\n<\/ul>\n<\/div>\n\t\t\t\t\t\t\t\t\t<div class=\"elementor-tab-title elementor-tab-mobile-title\" aria-selected=\"false\" data-tab=\"3\" role=\"tab\" tabindex=\"-1\" aria-controls=\"elementor-tab-content-2203\" aria-expanded=\"false\">Datos t\u00e9cnicos<\/div>\n\t\t\t\t\t<div id=\"elementor-tab-content-2203\" class=\"elementor-tab-content elementor-clearfix\" data-tab=\"3\" role=\"tabpanel\" aria-labelledby=\"elementor-tab-title-2203\" tabindex=\"0\" hidden=\"hidden\"><p>El precio se basa en el peso. 1kg de cuencos tibetanos afinados seg\u00fan partitura cuesta 140,00 euros.<br \/>\nSe pueden elegir diferentes tama\u00f1os seg\u00fan el peso.<br \/>\nEstos cuencos tibetanos tienen un alto valor terap\u00e9utico.<\/p>\n<\/div>\n\t\t\t\t\t\t\t<\/div>\n\t\t<\/div>\n\t\t\t\t\t\t<\/div>\n\t\t\t\t<\/div>\n\t\t\t\t<\/div>\n\t\t\t\t\t<\/div>\n\t\t\t\t<\/div>\n\t\t\t\t<section class=\"elementor-section elementor-top-section elementor-element elementor-element-fc69c45 elementor-section-boxed elementor-section-height-default elementor-section-height-default\" data-id=\"fc69c45\" data-element_type=\"section\" id=\"form\" data-settings=\"{&quot;background_background&quot;:&quot;classic&quot;}\">\n\t\t\t\t\t\t<div class=\"elementor-container elementor-column-gap-default\">\n\t\t\t\t\t<div class=\"elementor-column elementor-col-33 elementor-top-column elementor-element elementor-element-9931262 elementor-hidden-tablet elementor-hidden-mobile\" data-id=\"9931262\" data-element_type=\"column\">\n\t\t\t<div class=\"elementor-widget-wrap\">\n\t\t\t\t\t\t\t<\/div>\n\t\t<\/div>\n\t\t\t\t<div class=\"elementor-column elementor-col-33 elementor-top-column elementor-element elementor-element-70ac302\" data-id=\"70ac302\" data-element_type=\"column\">\n\t\t\t<div class=\"elementor-widget-wrap elementor-element-populated\">\n\t\t\t\t\t\t<div class=\"elementor-element elementor-element-8aae748 elementor-widget-divider--view-line_text elementor-widget-divider--element-align-right elementor-widget elementor-widget-divider\" data-id=\"8aae748\" data-element_type=\"widget\" data-widget_type=\"divider.default\">\n\t\t\t\t\t\t\t<div class=\"elementor-divider\">\n\t\t\t<span class=\"elementor-divider-separator\">\n\t\t\t\t\t\t\t<span class=\"elementor-divider__text elementor-divider__element\">\n\t\t\t\tFormulario\t\t\t\t<\/span>\n\t\t\t\t\t\t<\/span>\n\t\t<\/div>\n\t\t\t\t\t\t<\/div>\n\t\t\t\t<div class=\"elementor-element elementor-element-8919095 elementor-widget elementor-widget-heading\" data-id=\"8919095\" data-element_type=\"widget\" data-widget_type=\"heading.default\">\n\t\t\t\t\t<h2 class=\"elementor-heading-title elementor-size-default\">Ases\u00f3rese ahora<\/h2>\t\t\t\t<\/div>\n\t\t\t\t<div class=\"elementor-element elementor-element-613ac72 elementor-button-align-stretch elementor-widget elementor-widget-global elementor-global-4649 elementor-global-4191 elementor-widget-form\" data-id=\"613ac72\" data-element_type=\"widget\" data-settings=\"{&quot;step_next_label&quot;:&quot;Pr\\u00f3ximo&quot;,&quot;step_previous_label&quot;:&quot;Anterior&quot;,&quot;button_width&quot;:&quot;100&quot;,&quot;step_type&quot;:&quot;number_text&quot;,&quot;step_icon_shape&quot;:&quot;circle&quot;}\" data-widget_type=\"form.default\">\n\t\t\t\t\t\t\t<form class=\"elementor-form\" method=\"post\" name=\"Formulario de producto\" aria-label=\"Formulario de producto\">\n\t\t\t<input type=\"hidden\" name=\"post_id\" value=\"4502\"\/>\n\t\t\t<input type=\"hidden\" name=\"form_id\" value=\"613ac72\"\/>\n\t\t\t<input type=\"hidden\" name=\"referer_title\" value=\"\" \/>\n\n\t\t\t\n\t\t\t<div class=\"elementor-form-fields-wrapper elementor-labels-\">\n\t\t\t\t\t\t\t\t<div class=\"elementor-field-type-text elementor-field-group elementor-column elementor-field-group-name elementor-col-100 elementor-field-required\">\n\t\t\t\t\t\t\t\t\t\t\t\t<label for=\"form-field-name\" class=\"elementor-field-label elementor-screen-only\">\n\t\t\t\t\t\t\t\tNombre\t\t\t\t\t\t\t<\/label>\n\t\t\t\t\t\t\t\t\t\t\t\t\t\t<input size=\"1\" type=\"text\" name=\"form_fields[name]\" id=\"form-field-name\" class=\"elementor-field elementor-size-sm  elementor-field-textual\" placeholder=\"Nombre y apellidos\" required=\"required\">\n\t\t\t\t\t\t\t\t\t\t\t<\/div>\n\t\t\t\t\t\t\t\t<div class=\"elementor-field-type-email elementor-field-group elementor-column elementor-field-group-email elementor-col-100 elementor-field-required\">\n\t\t\t\t\t\t\t\t\t\t\t\t<label for=\"form-field-email\" class=\"elementor-field-label elementor-screen-only\">\n\t\t\t\t\t\t\t\tcorreo electr\u00f3nico\t\t\t\t\t\t\t<\/label>\n\t\t\t\t\t\t\t\t\t\t\t\t\t\t<input size=\"1\" type=\"email\" name=\"form_fields[email]\" id=\"form-field-email\" class=\"elementor-field elementor-size-sm  elementor-field-textual\" placeholder=\"correo electr\u00f3nico\" required=\"required\">\n\t\t\t\t\t\t\t\t\t\t\t<\/div>\n\t\t\t\t\t\t\t\t<div class=\"elementor-field-type-number elementor-field-group elementor-column elementor-field-group-field_5943210 elementor-col-100\">\n\t\t\t\t\t\t\t\t\t\t\t\t<label for=\"form-field-field_5943210\" class=\"elementor-field-label elementor-screen-only\">\n\t\t\t\t\t\t\t\tTel\u00e9fono\t\t\t\t\t\t\t<\/label>\n\t\t\t\t\t\t\t\t\t<input type=\"number\" name=\"form_fields[field_5943210]\" id=\"form-field-field_5943210\" class=\"elementor-field elementor-size-sm  elementor-field-textual\" placeholder=\"Tel\u00e9fono (opcional)\" min=\"\" max=\"\" >\n\t\t\t\t\t\t<\/div>\n\t\t\t\t\t\t\t\t<div class=\"elementor-field-type-textarea elementor-field-group elementor-column elementor-field-group-message elementor-col-100 elementor-field-required\">\n\t\t\t\t\t\t\t\t\t\t\t\t<label for=\"form-field-message\" class=\"elementor-field-label elementor-screen-only\">\n\t\t\t\t\t\t\t\tNoticias\t\t\t\t\t\t\t<\/label>\n\t\t\t\t\t\t<textarea class=\"elementor-field-textual elementor-field  elementor-size-sm\" name=\"form_fields[message]\" id=\"form-field-message\" rows=\"4\" placeholder=\"Noticias..\" required=\"required\"><\/textarea>\t\t\t\t<\/div>\n\t\t\t\t\t\t\t\t<div class=\"elementor-field-type-acceptance elementor-field-group elementor-column elementor-field-group-field_0e58671 elementor-col-100 elementor-field-required\">\n\t\t\t\t\t\t\t<div class=\"elementor-field-subgroup\">\n\t\t\t<span class=\"elementor-field-option\">\n\t\t\t\t<input type=\"checkbox\" name=\"form_fields[field_0e58671]\" id=\"form-field-field_0e58671\" class=\"elementor-field elementor-size-sm  elementor-acceptance-field\" required=\"required\">\n\t\t\t\t<label for=\"form-field-field_0e58671\">Acepto la <a href=\u00abhttps:\/\/musicoterapiaconlarpa.com\/datenschutz\/\u00bb>pol\u00edtica de privacidad<\/a> de este sitio web.<\/label>\t\t\t<\/span>\n\t\t<\/div>\n\t\t\t\t\t\t<\/div>\n\t\t\t\t\t\t\t\t<div class=\"elementor-field-type-text\">\n\t\t\t\t\t<input size=\"1\" type=\"text\" name=\"form_fields[field_d45bb62]\" id=\"form-field-field_d45bb62\" class=\"elementor-field elementor-size-sm \" style=\"display:none !important;\">\t\t\t\t<\/div>\n\t\t\t\t\t\t\t\t<div class=\"elementor-field-type-recaptcha_v3 elementor-field-group elementor-column elementor-field-group-field_197d1dc elementor-col-100 recaptcha_v3-inline\">\n\t\t\t\t\t<div class=\"elementor-field\" id=\"form-field-field_197d1dc\"><div class=\"elementor-g-recaptcha\" data-sitekey=\"6Le8ecEqAAAAANtl8QhpCMQt2rNDtvFbnWP7-IHS\" data-type=\"v3\" data-action=\"Form\" data-badge=\"inline\" data-size=\"invisible\"><\/div><\/div>\t\t\t\t<\/div>\n\t\t\t\t\t\t\t\t<div class=\"elementor-field-group elementor-column elementor-field-type-submit elementor-col-100 e-form__buttons\">\n\t\t\t\t\t<button class=\"elementor-button elementor-size-sm\" type=\"submit\">\n\t\t\t\t\t\t<span class=\"elementor-button-content-wrapper\">\n\t\t\t\t\t\t\t\t\t\t\t\t\t\t\t\t\t\t\t\t\t\t<span class=\"elementor-button-text\">Obtenga asesoramiento ahora<\/span>\n\t\t\t\t\t\t\t\t\t\t\t\t\t<\/span>\n\t\t\t\t\t<\/button>\n\t\t\t\t<\/div>\n\t\t\t<\/div>\n\t\t<\/form>\n\t\t\t\t\t\t<\/div>\n\t\t\t\t\t<\/div>\n\t\t<\/div>\n\t\t\t\t<div class=\"elementor-column elementor-col-33 elementor-top-column elementor-element elementor-element-4a947aa elementor-hidden-tablet elementor-hidden-mobile\" data-id=\"4a947aa\" data-element_type=\"column\">\n\t\t\t<div class=\"elementor-widget-wrap\">\n\t\t\t\t\t\t\t<\/div>\n\t\t<\/div>\n\t\t\t\t\t<\/div>\n\t\t<\/section>\n\t\t\t\t<\/div>\n\t\t","protected":false},"excerpt":{"rendered":"<p>Campane tibetane seg\u00fan notas kg &#8211; 140,00 euros m\u00e1s 22% IVA. Campane tibetane seg\u00fan notas de Nepal. En los cursos de formaci\u00f3n le ense\u00f1amos exactamente c\u00f3mo funcionan los campane tibeane y c\u00f3mo utilizarlos de una manera espec\u00edfica. Independientemente de esto, tambi\u00e9n se pueden utilizar libremente para fines espirituales de acuerdo con un sentimiento visceral libre [&hellip;]<\/p>\n","protected":false},"author":3,"featured_media":0,"parent":0,"menu_order":0,"comment_status":"closed","ping_status":"closed","template":"elementor_header_footer","meta":{"footnotes":""},"class_list":["post-4502","page","type-page","status-publish","hentry"],"_links":{"self":[{"href":"https:\/\/musicoterapiaconlarpa.com\/es\/wp-json\/wp\/v2\/pages\/4502","targetHints":{"allow":["GET"]}}],"collection":[{"href":"https:\/\/musicoterapiaconlarpa.com\/es\/wp-json\/wp\/v2\/pages"}],"about":[{"href":"https:\/\/musicoterapiaconlarpa.com\/es\/wp-json\/wp\/v2\/types\/page"}],"author":[{"embeddable":true,"href":"https:\/\/musicoterapiaconlarpa.com\/es\/wp-json\/wp\/v2\/users\/3"}],"replies":[{"embeddable":true,"href":"https:\/\/musicoterapiaconlarpa.com\/es\/wp-json\/wp\/v2\/comments?post=4502"}],"version-history":[{"count":3,"href":"https:\/\/musicoterapiaconlarpa.com\/es\/wp-json\/wp\/v2\/pages\/4502\/revisions"}],"predecessor-version":[{"id":4581,"href":"https:\/\/musicoterapiaconlarpa.com\/es\/wp-json\/wp\/v2\/pages\/4502\/revisions\/4581"}],"wp:attachment":[{"href":"https:\/\/musicoterapiaconlarpa.com\/es\/wp-json\/wp\/v2\/media?parent=4502"}],"curies":[{"name":"wp","href":"https:\/\/api.w.org\/{rel}","templated":true}]}}