{"id":4491,"date":"2025-01-23T21:23:44","date_gmt":"2025-01-23T21:23:44","guid":{"rendered":"https:\/\/musicoterapiaconlarpa.com\/stimmgabeln\/"},"modified":"2025-02-21T14:38:00","modified_gmt":"2025-02-21T14:38:00","slug":"stimmgabeln","status":"publish","type":"page","link":"https:\/\/musicoterapiaconlarpa.com\/es\/stimmgabeln\/","title":{"rendered":"Diapasones o fonoforesis"},"content":{"rendered":"\t\t<div data-elementor-type=\"wp-page\" data-elementor-id=\"4491\" class=\"elementor elementor-4491 elementor-4110\" data-elementor-post-type=\"page\">\n\t\t\t\t<div class=\"elementor-element elementor-element-undefined-6c73cf8 e-flex e-con-boxed e-con e-parent\" data-id=\"undefined-6c73cf8\" data-element_type=\"container\">\n\t\t\t\t\t<div class=\"e-con-inner\">\n\t\t<div class=\"elementor-element elementor-element-undefined-25e9217 e-con-full e-flex e-con e-child\" data-id=\"undefined-25e9217\" data-element_type=\"container\">\n\t\t\t\t<div class=\"elementor-element elementor-element-undefined-69524a4 elementor-widget elementor-widget-image\" data-id=\"undefined-69524a4\" data-element_type=\"widget\" data-widget_type=\"image.default\">\n\t\t\t\t\t\t\t\t\t\t\t\t\t\t\t<img fetchpriority=\"high\" decoding=\"async\" width=\"400\" height=\"600\" src=\"https:\/\/musicoterapiaconlarpa.com\/wp-content\/uploads\/2025\/01\/Stimmgabel.jpg\" class=\"attachment-large size-large wp-image-2336\" alt=\"\" srcset=\"https:\/\/musicoterapiaconlarpa.com\/wp-content\/uploads\/2025\/01\/Stimmgabel.jpg 400w, https:\/\/musicoterapiaconlarpa.com\/wp-content\/uploads\/2025\/01\/Stimmgabel-200x300.jpg 200w\" sizes=\"(max-width: 400px) 100vw, 400px\" \/>\t\t\t\t\t\t\t\t\t\t\t\t\t\t\t<\/div>\n\t\t\t\t<\/div>\n\t\t<div class=\"elementor-element elementor-element-undefined-7b5fd66 e-con-full e-flex e-con e-child\" data-id=\"undefined-7b5fd66\" data-element_type=\"container\">\n\t\t<div class=\"elementor-element elementor-element-undefined-94f1b90 e-con-full e-flex e-con e-child\" data-id=\"undefined-94f1b90\" data-element_type=\"container\">\n\t\t\t\t<div class=\"elementor-element elementor-element-daf3fe0 elementor-widget elementor-widget-heading\" data-id=\"daf3fe0\" data-element_type=\"widget\" data-settings=\"{&quot;_animation&quot;:&quot;none&quot;,&quot;_animation_delay&quot;:200}\" data-widget_type=\"heading.default\">\n\t\t\t\t\t<h1 class=\"elementor-heading-title elementor-size-default\">Diapas\u00f3n &amp; configura hasta 150 vibraciones diferentes<\/h1>\t\t\t\t<\/div>\n\t\t\t\t<div class=\"elementor-element elementor-element-0419162 elementor-widget elementor-widget-heading\" data-id=\"0419162\" data-element_type=\"widget\" data-widget_type=\"heading.default\">\n\t\t\t\t\t<span class=\"elementor-heading-title elementor-size-default\">Varios precios en euros<\/span>\t\t\t\t<\/div>\n\t\t\t\t<\/div>\n\t\t\t\t<div class=\"elementor-element elementor-element-d0cce31 elementor-widget elementor-widget-text-editor\" data-id=\"d0cce31\" data-element_type=\"widget\" data-widget_type=\"text-editor.default\">\n\t\t\t\t\t\t\t\t\t<p>+ 22% IVA + gastos de env\u00edo<\/p>\n\t\t\t\t\t\t\t\t<\/div>\n\t\t\t\t<div class=\"elementor-element elementor-element-b25bfae elementor-widget elementor-widget-text-editor\" data-id=\"b25bfae\" data-element_type=\"widget\" data-widget_type=\"text-editor.default\">\n\t\t\t\t\t\t\t\t\t<p>Hay varias frecuencias que se pueden utilizar como escucha (sonido) de trabajo con el pasado de acuerdo con los diversos enfoques psicol\u00f3gicos de la musicoterapia o Jung o o o. Trabajo con traumas, etc&#8230;m\u00e1s informaci\u00f3n en mi libro: Tratamiento de enfermedades con vibraciones.<\/p>\n\t\t\t\t\t\t\t\t<\/div>\n\t\t<div class=\"elementor-element elementor-element-undefined-6c78a60 e-con-full e-flex e-con e-child\" data-id=\"undefined-6c78a60\" data-element_type=\"container\">\n\t\t\t\t<div class=\"elementor-element elementor-element-3ae8e68 elementor-align-left elementor-widget elementor-widget-button\" data-id=\"3ae8e68\" data-element_type=\"widget\" data-widget_type=\"button.default\">\n\t\t\t\t\t\t\t\t\t\t<a class=\"elementor-button elementor-button-link elementor-size-sm\" href=\"#form\">\n\t\t\t\t\t\t<span class=\"elementor-button-content-wrapper\">\n\t\t\t\t\t\t\t\t\t<span class=\"elementor-button-text\">Pedir ahora<\/span>\n\t\t\t\t\t<\/span>\n\t\t\t\t\t<\/a>\n\t\t\t\t\t\t\t\t<\/div>\n\t\t\t\t<\/div>\n\t\t\t\t<\/div>\n\t\t\t\t\t<\/div>\n\t\t\t\t<\/div>\n\t\t<div class=\"elementor-element elementor-element-0375d5b e-flex e-con-boxed e-con e-parent\" data-id=\"0375d5b\" data-element_type=\"container\" data-settings=\"{&quot;background_background&quot;:&quot;classic&quot;}\">\n\t\t\t\t\t<div class=\"e-con-inner\">\n\t\t\t\t<div class=\"elementor-element elementor-element-8e5e7f3 elementor-widget elementor-widget-text-editor\" data-id=\"8e5e7f3\" data-element_type=\"widget\" data-widget_type=\"text-editor.default\">\n\t\t\t\t\t\t\t\t\t<p>El 432 Hz y el diapas\u00f3n OM son muy buenos all\u00ed.<\/p>\n<p>432 Hz frecuencia adecuada costos : 65,00 Euro + 22% IVA + gastos de env\u00edo<\/p>\n<p>OM frecuencia sintonizado costos : 65,-Euro + 22 % IVA + gastos de env\u00edo<\/p>\n<p>El Chakra Set = geeigt que consta de 7 diferentes diapasones costos : 299,- Euro + 22% IVA + gastos de env\u00edo<\/p>\n<p>Cada chakra (1-7) como diapas\u00f3n individual adecuado: 1 cuesta 60,- Euro + 22% IVA + gastos de env\u00edo<\/p>\n<p>Set Solfeggio = 9 diapasones costes: + 22% IVA + env\u00edo<\/p>\n<p>Juego Fibonacci = diapasones costes : + 22% IVA + env\u00edo<\/p>\n<p>\u00d3rgano &#8211; Set = 15 diapasones adecuados costes : 590,00 Euro + 22% IVA + env\u00edo<\/p>\n<p>Meridiano &#8211; Set 14 diapasones coste : 415,00 Euro + 22% IVA + env\u00edo<\/p>\n<p>Hueso &#8211; set adecuado; 25 Hz +50+100+200 Hz cuesta : 229,- Euro + 22% IVA + env\u00edo<\/p>\n<p>Huesos + nervios: 50 Hz costes adecuados: 65,- Euro + 22% IVA + env\u00edo<\/p>\n<p>Canci\u00f3n de la columna vertebral Set (cuerpo vertebral): 12 diapasones adecuados coste: 499,00 Euro + 22% IVA + env\u00edo<\/p>\n<p>Diapasones DNA coste: 65,00 Euro + 22% IVA + env\u00edo<\/p>\n<p>Diapas\u00f3n O2: coste 65,00 Euro + 22% IVA + env\u00edo<\/p>\n<p>Planetary &#8211; Set 11 diapasones adecuados coste: 499,-Euro + 22% IVA + env\u00edo<\/p>\n\t\t\t\t\t\t\t\t<\/div>\n\t\t\t\t\t<\/div>\n\t\t\t\t<\/div>\n\t\t<div class=\"elementor-element elementor-element-5d0764e e-flex e-con-boxed e-con e-parent\" data-id=\"5d0764e\" data-element_type=\"container\" data-settings=\"{&quot;background_background&quot;:&quot;classic&quot;}\">\n\t\t\t\t\t<div class=\"e-con-inner\">\n\t\t<div class=\"elementor-element elementor-element-20bd816 e-con-full e-flex e-con e-child\" data-id=\"20bd816\" data-element_type=\"container\">\n\t\t<div class=\"elementor-element elementor-element-e20bcdb e-con-full e-flex e-con e-child\" data-id=\"e20bcdb\" data-element_type=\"container\">\n\t\t\t\t<div class=\"elementor-element elementor-element-d24103d elementor-tabs-view-horizontal elementor-widget elementor-widget-tabs\" data-id=\"d24103d\" data-element_type=\"widget\" data-widget_type=\"tabs.default\">\n\t\t\t\t\t\t\t<div class=\"elementor-tabs\">\n\t\t\t<div class=\"elementor-tabs-wrapper\" role=\"tablist\" >\n\t\t\t\t\t\t\t\t\t<div id=\"elementor-tab-title-2201\" class=\"elementor-tab-title elementor-tab-desktop-title\" aria-selected=\"true\" data-tab=\"1\" role=\"tab\" tabindex=\"0\" aria-controls=\"elementor-tab-content-2201\" aria-expanded=\"false\">Descripci\u00f3n<\/div>\n\t\t\t\t\t\t\t<\/div>\n\t\t\t<div class=\"elementor-tabs-content-wrapper\" role=\"tablist\" aria-orientation=\"vertical\">\n\t\t\t\t\t\t\t\t\t<div class=\"elementor-tab-title elementor-tab-mobile-title\" aria-selected=\"true\" data-tab=\"1\" role=\"tab\" tabindex=\"0\" aria-controls=\"elementor-tab-content-2201\" aria-expanded=\"false\">Descripci\u00f3n<\/div>\n\t\t\t\t\t<div id=\"elementor-tab-content-2201\" class=\"elementor-tab-content elementor-clearfix\" data-tab=\"1\" role=\"tabpanel\" aria-labelledby=\"elementor-tab-title-2201\" tabindex=\"0\" hidden=\"false\"><p>Hay diferentes frecuencias que se pueden utilizar como la escucha (sonido) de trabajo con el pasado de acuerdo con los diferentes enfoques psicol\u00f3gicos de la musicoterapia o Jung o o o. M\u00e1s informaci\u00f3n se puede encontrar en mi libro: El tratamiento de enfermedades con vibraciones o de acuerdo con la nueva ense\u00f1anza y el m\u00e9todo de Musicoterapia con l&#8217;Arpa en el \u00abaqu\u00ed y ahora\u00bb y el conocimiento de TAO y la medicina china, m\u00e1s relacionados con el cuerpo al tiempo que conserva la ense\u00f1anza Merdian y los campos de interferencia f\u00edsica y dolorosa para el presente. El modelo se ense\u00f1a en los cursos de formaci\u00f3n, especialmente en el 2\u00ba nivel. \u00bfQu\u00e9 juego de diapasones o diapasones individuales est\u00e1n disponibles? La escuela de formaci\u00f3n concede gran importancia a los diapasones adecuados.<\/p>\n<p>La cama de sonido arm\u00f3nico como buscador de causas est\u00e1 sintonizada a 432 Hz = 432 vibraciones en un segundo y refleja nuestro ser. Durante la terapia, utilizamos entonces muchos diapasones de frecuencias Hz individuales. Algunas vibraciones ya no se pueden o\u00edr con el o\u00eddo, sino s\u00f3lo sentir. Algunas tienen vibraciones fuertes que se pueden sentir, mientras que otras tienen vibraciones suaves. Somos individuos y tenemos una necesidad personal de potencia vibratoria durante el tratamiento. Esto se decide despu\u00e9s de encontrar la causa. Pasemos ahora a la aplicaci\u00f3n para los inexpertos.<\/p>\n<\/div>\n\t\t\t\t\t\t\t<\/div>\n\t\t<\/div>\n\t\t\t\t\t\t<\/div>\n\t\t\t\t<\/div>\n\t\t\t\t<\/div>\n\t\t\t\t\t<\/div>\n\t\t\t\t<\/div>\n\t\t\t\t<section class=\"elementor-section elementor-top-section elementor-element elementor-element-fc69c45 elementor-section-boxed elementor-section-height-default elementor-section-height-default\" data-id=\"fc69c45\" data-element_type=\"section\" id=\"form\" data-settings=\"{&quot;background_background&quot;:&quot;classic&quot;}\">\n\t\t\t\t\t\t<div class=\"elementor-container elementor-column-gap-default\">\n\t\t\t\t\t<div class=\"elementor-column elementor-col-33 elementor-top-column elementor-element elementor-element-9931262 elementor-hidden-tablet elementor-hidden-mobile\" data-id=\"9931262\" data-element_type=\"column\">\n\t\t\t<div class=\"elementor-widget-wrap\">\n\t\t\t\t\t\t\t<\/div>\n\t\t<\/div>\n\t\t\t\t<div class=\"elementor-column elementor-col-33 elementor-top-column elementor-element elementor-element-70ac302\" data-id=\"70ac302\" data-element_type=\"column\">\n\t\t\t<div class=\"elementor-widget-wrap elementor-element-populated\">\n\t\t\t\t\t\t<div class=\"elementor-element elementor-element-5409677 elementor-widget-divider--view-line_text elementor-widget-divider--element-align-right elementor-widget elementor-widget-divider\" data-id=\"5409677\" data-element_type=\"widget\" data-widget_type=\"divider.default\">\n\t\t\t\t\t\t\t<div class=\"elementor-divider\">\n\t\t\t<span class=\"elementor-divider-separator\">\n\t\t\t\t\t\t\t<span class=\"elementor-divider__text elementor-divider__element\">\n\t\t\t\tFormulario\t\t\t\t<\/span>\n\t\t\t\t\t\t<\/span>\n\t\t<\/div>\n\t\t\t\t\t\t<\/div>\n\t\t\t\t<div class=\"elementor-element elementor-element-8919095 elementor-widget elementor-widget-heading\" data-id=\"8919095\" data-element_type=\"widget\" data-widget_type=\"heading.default\">\n\t\t\t\t\t<h2 class=\"elementor-heading-title elementor-size-default\">Consiga asesoramiento ahora<\/h2>\t\t\t\t<\/div>\n\t\t\t\t<div class=\"elementor-element elementor-element-c397959 elementor-button-align-stretch elementor-widget elementor-widget-global elementor-global-4649 elementor-global-4191 elementor-widget-form\" data-id=\"c397959\" data-element_type=\"widget\" data-settings=\"{&quot;step_next_label&quot;:&quot;Pr\\u00f3ximo&quot;,&quot;step_previous_label&quot;:&quot;Anterior&quot;,&quot;button_width&quot;:&quot;100&quot;,&quot;step_type&quot;:&quot;number_text&quot;,&quot;step_icon_shape&quot;:&quot;circle&quot;}\" data-widget_type=\"form.default\">\n\t\t\t\t\t\t\t<form class=\"elementor-form\" method=\"post\" name=\"Formulario de producto\" aria-label=\"Formulario de producto\">\n\t\t\t<input type=\"hidden\" name=\"post_id\" value=\"4491\"\/>\n\t\t\t<input type=\"hidden\" name=\"form_id\" value=\"c397959\"\/>\n\t\t\t<input type=\"hidden\" name=\"referer_title\" value=\"\" \/>\n\n\t\t\t\n\t\t\t<div class=\"elementor-form-fields-wrapper elementor-labels-\">\n\t\t\t\t\t\t\t\t<div class=\"elementor-field-type-text elementor-field-group elementor-column elementor-field-group-name elementor-col-100 elementor-field-required\">\n\t\t\t\t\t\t\t\t\t\t\t\t<label for=\"form-field-name\" class=\"elementor-field-label elementor-screen-only\">\n\t\t\t\t\t\t\t\tNombre\t\t\t\t\t\t\t<\/label>\n\t\t\t\t\t\t\t\t\t\t\t\t\t\t<input size=\"1\" type=\"text\" name=\"form_fields[name]\" id=\"form-field-name\" class=\"elementor-field elementor-size-sm  elementor-field-textual\" placeholder=\"Nombre y apellidos\" required=\"required\">\n\t\t\t\t\t\t\t\t\t\t\t<\/div>\n\t\t\t\t\t\t\t\t<div class=\"elementor-field-type-email elementor-field-group elementor-column elementor-field-group-email elementor-col-100 elementor-field-required\">\n\t\t\t\t\t\t\t\t\t\t\t\t<label for=\"form-field-email\" class=\"elementor-field-label elementor-screen-only\">\n\t\t\t\t\t\t\t\tcorreo electr\u00f3nico\t\t\t\t\t\t\t<\/label>\n\t\t\t\t\t\t\t\t\t\t\t\t\t\t<input size=\"1\" type=\"email\" name=\"form_fields[email]\" id=\"form-field-email\" class=\"elementor-field elementor-size-sm  elementor-field-textual\" placeholder=\"correo electr\u00f3nico\" required=\"required\">\n\t\t\t\t\t\t\t\t\t\t\t<\/div>\n\t\t\t\t\t\t\t\t<div class=\"elementor-field-type-number elementor-field-group elementor-column elementor-field-group-field_5943210 elementor-col-100\">\n\t\t\t\t\t\t\t\t\t\t\t\t<label for=\"form-field-field_5943210\" class=\"elementor-field-label elementor-screen-only\">\n\t\t\t\t\t\t\t\tTel\u00e9fono\t\t\t\t\t\t\t<\/label>\n\t\t\t\t\t\t\t\t\t<input type=\"number\" name=\"form_fields[field_5943210]\" id=\"form-field-field_5943210\" class=\"elementor-field elementor-size-sm  elementor-field-textual\" placeholder=\"Tel\u00e9fono (opcional)\" min=\"\" max=\"\" >\n\t\t\t\t\t\t<\/div>\n\t\t\t\t\t\t\t\t<div class=\"elementor-field-type-textarea elementor-field-group elementor-column elementor-field-group-message elementor-col-100 elementor-field-required\">\n\t\t\t\t\t\t\t\t\t\t\t\t<label for=\"form-field-message\" class=\"elementor-field-label elementor-screen-only\">\n\t\t\t\t\t\t\t\tNoticias\t\t\t\t\t\t\t<\/label>\n\t\t\t\t\t\t<textarea class=\"elementor-field-textual elementor-field  elementor-size-sm\" name=\"form_fields[message]\" id=\"form-field-message\" rows=\"4\" placeholder=\"Noticias..\" required=\"required\"><\/textarea>\t\t\t\t<\/div>\n\t\t\t\t\t\t\t\t<div class=\"elementor-field-type-acceptance elementor-field-group elementor-column elementor-field-group-field_0e58671 elementor-col-100 elementor-field-required\">\n\t\t\t\t\t\t\t<div class=\"elementor-field-subgroup\">\n\t\t\t<span class=\"elementor-field-option\">\n\t\t\t\t<input type=\"checkbox\" name=\"form_fields[field_0e58671]\" id=\"form-field-field_0e58671\" class=\"elementor-field elementor-size-sm  elementor-acceptance-field\" required=\"required\">\n\t\t\t\t<label for=\"form-field-field_0e58671\">Acepto la <a href=\u00abhttps:\/\/musicoterapiaconlarpa.com\/datenschutz\/\u00bb>pol\u00edtica de privacidad<\/a> de este sitio web.<\/label>\t\t\t<\/span>\n\t\t<\/div>\n\t\t\t\t\t\t<\/div>\n\t\t\t\t\t\t\t\t<div class=\"elementor-field-type-text\">\n\t\t\t\t\t<input size=\"1\" type=\"text\" name=\"form_fields[field_d45bb62]\" id=\"form-field-field_d45bb62\" class=\"elementor-field elementor-size-sm \" style=\"display:none !important;\">\t\t\t\t<\/div>\n\t\t\t\t\t\t\t\t<div class=\"elementor-field-type-recaptcha_v3 elementor-field-group elementor-column elementor-field-group-field_197d1dc elementor-col-100 recaptcha_v3-inline\">\n\t\t\t\t\t<div class=\"elementor-field\" id=\"form-field-field_197d1dc\"><div class=\"elementor-g-recaptcha\" data-sitekey=\"6Le8ecEqAAAAANtl8QhpCMQt2rNDtvFbnWP7-IHS\" data-type=\"v3\" data-action=\"Form\" data-badge=\"inline\" data-size=\"invisible\"><\/div><\/div>\t\t\t\t<\/div>\n\t\t\t\t\t\t\t\t<div class=\"elementor-field-group elementor-column elementor-field-type-submit elementor-col-100 e-form__buttons\">\n\t\t\t\t\t<button class=\"elementor-button elementor-size-sm\" type=\"submit\">\n\t\t\t\t\t\t<span class=\"elementor-button-content-wrapper\">\n\t\t\t\t\t\t\t\t\t\t\t\t\t\t\t\t\t\t\t\t\t\t<span class=\"elementor-button-text\">Obtenga asesoramiento ahora<\/span>\n\t\t\t\t\t\t\t\t\t\t\t\t\t<\/span>\n\t\t\t\t\t<\/button>\n\t\t\t\t<\/div>\n\t\t\t<\/div>\n\t\t<\/form>\n\t\t\t\t\t\t<\/div>\n\t\t\t\t\t<\/div>\n\t\t<\/div>\n\t\t\t\t<div class=\"elementor-column elementor-col-33 elementor-top-column elementor-element elementor-element-4a947aa elementor-hidden-tablet elementor-hidden-mobile\" data-id=\"4a947aa\" data-element_type=\"column\">\n\t\t\t<div class=\"elementor-widget-wrap\">\n\t\t\t\t\t\t\t<\/div>\n\t\t<\/div>\n\t\t\t\t\t<\/div>\n\t\t<\/section>\n\t\t\t\t<\/div>\n\t\t","protected":false},"excerpt":{"rendered":"<p>Diapas\u00f3n &amp; configura hasta 150 vibraciones diferentes Varios precios en euros + 22% IVA + gastos de env\u00edo Hay varias frecuencias que se pueden utilizar como escucha (sonido) de trabajo con el pasado de acuerdo con los diversos enfoques psicol\u00f3gicos de la musicoterapia o Jung o o o. Trabajo con traumas, etc&#8230;m\u00e1s informaci\u00f3n en mi [&hellip;]<\/p>\n","protected":false},"author":3,"featured_media":0,"parent":0,"menu_order":0,"comment_status":"closed","ping_status":"closed","template":"elementor_header_footer","meta":{"footnotes":""},"class_list":["post-4491","page","type-page","status-publish","hentry"],"_links":{"self":[{"href":"https:\/\/musicoterapiaconlarpa.com\/es\/wp-json\/wp\/v2\/pages\/4491","targetHints":{"allow":["GET"]}}],"collection":[{"href":"https:\/\/musicoterapiaconlarpa.com\/es\/wp-json\/wp\/v2\/pages"}],"about":[{"href":"https:\/\/musicoterapiaconlarpa.com\/es\/wp-json\/wp\/v2\/types\/page"}],"author":[{"embeddable":true,"href":"https:\/\/musicoterapiaconlarpa.com\/es\/wp-json\/wp\/v2\/users\/3"}],"replies":[{"embeddable":true,"href":"https:\/\/musicoterapiaconlarpa.com\/es\/wp-json\/wp\/v2\/comments?post=4491"}],"version-history":[{"count":10,"href":"https:\/\/musicoterapiaconlarpa.com\/es\/wp-json\/wp\/v2\/pages\/4491\/revisions"}],"predecessor-version":[{"id":5194,"href":"https:\/\/musicoterapiaconlarpa.com\/es\/wp-json\/wp\/v2\/pages\/4491\/revisions\/5194"}],"wp:attachment":[{"href":"https:\/\/musicoterapiaconlarpa.com\/es\/wp-json\/wp\/v2\/media?parent=4491"}],"curies":[{"name":"wp","href":"https:\/\/api.w.org\/{rel}","templated":true}]}}