{"id":4325,"date":"2025-01-14T14:43:16","date_gmt":"2025-01-14T14:43:16","guid":{"rendered":"https:\/\/musicoterapiaconlarpa.com\/terapeutas\/"},"modified":"2026-03-03T18:06:15","modified_gmt":"2026-03-03T18:06:15","slug":"terapeutas","status":"publish","type":"page","link":"https:\/\/musicoterapiaconlarpa.com\/es\/terapeutas\/","title":{"rendered":"Terapeutas"},"content":{"rendered":"\t\t<div data-elementor-type=\"wp-page\" data-elementor-id=\"4325\" class=\"elementor elementor-4325 elementor-3122\" data-elementor-post-type=\"page\">\n\t\t\t\t\t\t<section class=\"elementor-section elementor-top-section elementor-element elementor-element-748b91b elementor-section-boxed elementor-section-height-default elementor-section-height-default\" data-id=\"748b91b\" data-element_type=\"section\" data-settings=\"{&quot;background_background&quot;:&quot;classic&quot;}\">\n\t\t\t\t\t\t\t<div class=\"elementor-background-overlay\"><\/div>\n\t\t\t\t\t\t\t<div class=\"elementor-container elementor-column-gap-default\">\n\t\t\t\t\t<div class=\"elementor-column elementor-col-50 elementor-top-column elementor-element elementor-element-38b6351\" data-id=\"38b6351\" data-element_type=\"column\">\n\t\t\t<div class=\"elementor-widget-wrap elementor-element-populated\">\n\t\t\t\t\t\t<div class=\"elementor-element elementor-element-205e021 elementor-widget-divider--view-line_text elementor-widget-divider--element-align-right elementor-widget elementor-widget-divider\" data-id=\"205e021\" data-element_type=\"widget\" data-widget_type=\"divider.default\">\n\t\t\t\t\t\t\t<div class=\"elementor-divider\">\n\t\t\t<span class=\"elementor-divider-separator\">\n\t\t\t\t\t\t\t<span class=\"elementor-divider__text elementor-divider__element\">\n\t\t\t\tRed\t\t\t\t<\/span>\n\t\t\t\t\t\t<\/span>\n\t\t<\/div>\n\t\t\t\t\t\t<\/div>\n\t\t\t\t<div class=\"elementor-element elementor-element-412c394 elementor-widget elementor-widget-heading\" data-id=\"412c394\" data-element_type=\"widget\" data-widget_type=\"heading.default\">\n\t\t\t\t\t<h1 class=\"elementor-heading-title elementor-size-default\">Terapeutas<\/h1>\t\t\t\t<\/div>\n\t\t\t\t\t<\/div>\n\t\t<\/div>\n\t\t\t\t<div class=\"elementor-column elementor-col-50 elementor-top-column elementor-element elementor-element-91880c8\" data-id=\"91880c8\" data-element_type=\"column\">\n\t\t\t<div class=\"elementor-widget-wrap\">\n\t\t\t\t\t\t\t<\/div>\n\t\t<\/div>\n\t\t\t\t\t<\/div>\n\t\t<\/section>\n\t\t<div class=\"elementor-element elementor-element-8d4beb1 e-flex e-con-boxed e-con e-parent\" data-id=\"8d4beb1\" data-element_type=\"container\">\n\t\t\t\t\t<div class=\"e-con-inner\">\n\t\t<div class=\"elementor-element elementor-element-75f794e e-con-full e-flex e-con e-child\" data-id=\"75f794e\" data-element_type=\"container\" data-settings=\"{&quot;background_background&quot;:&quot;classic&quot;}\">\n\t\t\t\t<div class=\"elementor-element elementor-element-93631f3 elementor-widget elementor-widget-image\" data-id=\"93631f3\" data-element_type=\"widget\" data-widget_type=\"image.default\">\n\t\t\t\t\t\t\t\t\t\t\t\t\t\t\t<img fetchpriority=\"high\" decoding=\"async\" width=\"400\" height=\"532\" src=\"https:\/\/musicoterapiaconlarpa.com\/wp-content\/uploads\/2025\/02\/image0-1.jpeg\" class=\"attachment-full size-full wp-image-5209\" alt=\"\" srcset=\"https:\/\/musicoterapiaconlarpa.com\/wp-content\/uploads\/2025\/02\/image0-1.jpeg 400w, https:\/\/musicoterapiaconlarpa.com\/wp-content\/uploads\/2025\/02\/image0-1-226x300.jpeg 226w\" sizes=\"(max-width: 400px) 100vw, 400px\" \/>\t\t\t\t\t\t\t\t\t\t\t\t\t\t\t<\/div>\n\t\t\t\t<div class=\"elementor-element elementor-element-15fac7c elementor-widget elementor-widget-heading\" data-id=\"15fac7c\" data-element_type=\"widget\" data-widget_type=\"heading.default\">\n\t\t\t\t\t<h3 class=\"elementor-heading-title elementor-size-default\">Gerald Schwaiger<\/h3>\t\t\t\t<\/div>\n\t\t\t\t<div class=\"elementor-element elementor-element-9b58d14 elementor-widget elementor-widget-text-editor\" data-id=\"9b58d14\" data-element_type=\"widget\" data-widget_type=\"text-editor.default\">\n\t\t\t\t\t\t\t\t\t<p>Sonidoterapeuta en Musicoterapia con l&#8217;arpa<\/p>\n<p>Energizador humano<\/p>\n<p>Healy Coach- Consultor de diapas\u00f3n<\/p>\n<p>Localidad::\u00a0 Austria<\/p>\n\t\t\t\t\t\t\t\t<\/div>\n\t\t\t\t<div class=\"elementor-element elementor-element-7f93b27 elementor-align-left elementor-widget elementor-widget-button\" data-id=\"7f93b27\" data-element_type=\"widget\" data-widget_type=\"button.default\">\n\t\t\t\t\t\t\t\t\t\t<a class=\"elementor-button elementor-button-link elementor-size-sm\" href=\"#elementor-action%3Aaction%3Dpopup%3Aopen%26settings%3DeyJpZCI6NDgzNywidG9nZ2xlIjpmYWxzZX0%3D\" data-therapeut=\"Gerald Schwaiger\">\n\t\t\t\t\t\t<span class=\"elementor-button-content-wrapper\">\n\t\t\t\t\t\t\t\t\t<span class=\"elementor-button-text\">Contacto<\/span>\n\t\t\t\t\t<\/span>\n\t\t\t\t\t<\/a>\n\t\t\t\t\t\t\t\t<\/div>\n\t\t\t\t<\/div>\n\t\t<div class=\"elementor-element elementor-element-5be28d2 e-con-full e-flex e-con e-child\" data-id=\"5be28d2\" data-element_type=\"container\" data-settings=\"{&quot;background_background&quot;:&quot;classic&quot;}\">\n\t\t\t\t<div class=\"elementor-element elementor-element-49bc01a elementor-widget elementor-widget-image\" data-id=\"49bc01a\" data-element_type=\"widget\" data-widget_type=\"image.default\">\n\t\t\t\t\t\t\t\t\t\t\t\t\t\t\t<img decoding=\"async\" width=\"371\" height=\"244\" src=\"https:\/\/musicoterapiaconlarpa.com\/wp-content\/uploads\/2025\/01\/IMG-20250115-WA0015-1-e1737668400790.jpg\" class=\"attachment-full size-full wp-image-3368\" alt=\"\" srcset=\"https:\/\/musicoterapiaconlarpa.com\/wp-content\/uploads\/2025\/01\/IMG-20250115-WA0015-1-e1737668400790.jpg 371w, https:\/\/musicoterapiaconlarpa.com\/wp-content\/uploads\/2025\/01\/IMG-20250115-WA0015-1-e1737668400790-300x197.jpg 300w\" sizes=\"(max-width: 371px) 100vw, 371px\" \/>\t\t\t\t\t\t\t\t\t\t\t\t\t\t\t<\/div>\n\t\t\t\t<div class=\"elementor-element elementor-element-765b46c elementor-widget elementor-widget-heading\" data-id=\"765b46c\" data-element_type=\"widget\" data-widget_type=\"heading.default\">\n\t\t\t\t\t<h3 class=\"elementor-heading-title elementor-size-default\">Tamara Djukic<\/h3>\t\t\t\t<\/div>\n\t\t\t\t<div class=\"elementor-element elementor-element-cbbad7e elementor-widget elementor-widget-text-editor\" data-id=\"cbbad7e\" data-element_type=\"widget\" data-widget_type=\"text-editor.default\">\n\t\t\t\t\t\t\t\t\t<p>Sonidoterapeuta en Musicoterapia con l&#8217;arpa<\/p>\n<p>Profesora de piano<\/p>\n<p>Localidad: Serbia<\/p>\n\t\t\t\t\t\t\t\t<\/div>\n\t\t\t\t<div class=\"elementor-element elementor-element-6ccffa6 elementor-align-left elementor-widget elementor-widget-button\" data-id=\"6ccffa6\" data-element_type=\"widget\" data-widget_type=\"button.default\">\n\t\t\t\t\t\t\t\t\t\t<a class=\"elementor-button elementor-button-link elementor-size-sm\" href=\"#elementor-action%3Aaction%3Dpopup%3Aopen%26settings%3DeyJpZCI6NDgzNywidG9nZ2xlIjpmYWxzZX0%3D\" data-therapeut=\"Tamara Djukic\">\n\t\t\t\t\t\t<span class=\"elementor-button-content-wrapper\">\n\t\t\t\t\t\t\t\t\t<span class=\"elementor-button-text\">Contacto<\/span>\n\t\t\t\t\t<\/span>\n\t\t\t\t\t<\/a>\n\t\t\t\t\t\t\t\t<\/div>\n\t\t\t\t<\/div>\n\t\t<div class=\"elementor-element elementor-element-dd7c6af e-con-full e-flex e-con e-child\" data-id=\"dd7c6af\" data-element_type=\"container\" data-settings=\"{&quot;background_background&quot;:&quot;classic&quot;}\">\n\t\t\t\t<div class=\"elementor-element elementor-element-2a60093 elementor-widget elementor-widget-image\" data-id=\"2a60093\" data-element_type=\"widget\" data-widget_type=\"image.default\">\n\t\t\t\t\t\t\t\t\t\t\t\t\t\t\t<img decoding=\"async\" width=\"533\" height=\"400\" src=\"https:\/\/musicoterapiaconlarpa.com\/wp-content\/uploads\/2025\/02\/20240621_214601.jpg\" class=\"attachment-full size-full wp-image-5204\" alt=\"\" srcset=\"https:\/\/musicoterapiaconlarpa.com\/wp-content\/uploads\/2025\/02\/20240621_214601.jpg 533w, https:\/\/musicoterapiaconlarpa.com\/wp-content\/uploads\/2025\/02\/20240621_214601-300x225.jpg 300w\" sizes=\"(max-width: 533px) 100vw, 533px\" \/>\t\t\t\t\t\t\t\t\t\t\t\t\t\t\t<\/div>\n\t\t\t\t<div class=\"elementor-element elementor-element-6d17dd3 elementor-widget elementor-widget-heading\" data-id=\"6d17dd3\" data-element_type=\"widget\" data-widget_type=\"heading.default\">\n\t\t\t\t\t<h3 class=\"elementor-heading-title elementor-size-default\">Monika Paul<\/h3>\t\t\t\t<\/div>\n\t\t\t\t<div class=\"elementor-element elementor-element-310b543 elementor-widget elementor-widget-text-editor\" data-id=\"310b543\" data-element_type=\"widget\" data-widget_type=\"text-editor.default\">\n\t\t\t\t\t\t\t\t\t<p>Fundadora del m\u00e9todo Musicoterapia con l&#8217;arpa<\/p>\n<p>Home\u00f3pata cl\u00e1sico<\/p>\n<p>Natur\u00f3pata autorizado en Cant\u00f3n<\/p>\n<p>Musicoterapeuta + Sonidoterapeuta<\/p>\n<p>Localidad:: Switzerland<\/p>\n\t\t\t\t\t\t\t\t<\/div>\n\t\t\t\t<div class=\"elementor-element elementor-element-c94e517 elementor-align-left elementor-widget elementor-widget-button\" data-id=\"c94e517\" data-element_type=\"widget\" data-widget_type=\"button.default\">\n\t\t\t\t\t\t\t\t\t\t<a class=\"elementor-button elementor-button-link elementor-size-sm\" href=\"#elementor-action%3Aaction%3Dpopup%3Aopen%26settings%3DeyJpZCI6NDgzNywidG9nZ2xlIjpmYWxzZX0%3D\" data-therapeut=\"Monika Paul\">\n\t\t\t\t\t\t<span class=\"elementor-button-content-wrapper\">\n\t\t\t\t\t\t\t\t\t<span class=\"elementor-button-text\">Contacto<\/span>\n\t\t\t\t\t<\/span>\n\t\t\t\t\t<\/a>\n\t\t\t\t\t\t\t\t<\/div>\n\t\t\t\t<\/div>\n\t\t\t\t\t<\/div>\n\t\t\t\t<\/div>\n\t\t<div class=\"elementor-element elementor-element-5d55708 e-flex e-con-boxed e-con e-parent\" data-id=\"5d55708\" data-element_type=\"container\">\n\t\t\t\t\t<div class=\"e-con-inner\">\n\t\t<div class=\"elementor-element elementor-element-1ac8665 e-con-full e-flex e-con e-child\" data-id=\"1ac8665\" data-element_type=\"container\" data-settings=\"{&quot;background_background&quot;:&quot;classic&quot;}\">\n\t\t\t\t<div class=\"elementor-element elementor-element-1c3df4b elementor-widget elementor-widget-image\" data-id=\"1c3df4b\" data-element_type=\"widget\" data-widget_type=\"image.default\">\n\t\t\t\t\t\t\t\t\t\t\t\t\t\t\t<img loading=\"lazy\" decoding=\"async\" width=\"711\" height=\"400\" src=\"https:\/\/musicoterapiaconlarpa.com\/wp-content\/uploads\/2025\/02\/paolo-carrer.jpg\" class=\"attachment-full size-full wp-image-5224\" alt=\"\" srcset=\"https:\/\/musicoterapiaconlarpa.com\/wp-content\/uploads\/2025\/02\/paolo-carrer.jpg 711w, https:\/\/musicoterapiaconlarpa.com\/wp-content\/uploads\/2025\/02\/paolo-carrer-300x169.jpg 300w\" sizes=\"(max-width: 711px) 100vw, 711px\" \/>\t\t\t\t\t\t\t\t\t\t\t\t\t\t\t<\/div>\n\t\t\t\t<div class=\"elementor-element elementor-element-4f21089 elementor-widget elementor-widget-heading\" data-id=\"4f21089\" data-element_type=\"widget\" data-widget_type=\"heading.default\">\n\t\t\t\t\t<h3 class=\"elementor-heading-title elementor-size-default\">Paolo Carrer<\/h3>\t\t\t\t<\/div>\n\t\t\t\t<div class=\"elementor-element elementor-element-7b9d825 elementor-widget elementor-widget-text-editor\" data-id=\"7b9d825\" data-element_type=\"widget\" data-widget_type=\"text-editor.default\">\n\t\t\t\t\t\t\t\t\t<p>Sonidoterapeuta en Musicoterapia con l&#8217;arpa<\/p>\n<p>Profesor de yoga<\/p>\n<p>Operador de masaje de sonido arm\u00f3nico<\/p>\n<p>Masaje Sonoro Armonico di Albert Rabenstein<span style=\"color: #1c1e21; font-size: 12pt; font-weight: var( --e-global-typography-text-font-weight ); text-align: var(--text-align); font-family: Calibri, 'sans-serif';\">.<\/span><\/p>\n<p>Localidad:: Italia<\/p>\n\t\t\t\t\t\t\t\t<\/div>\n\t\t\t\t<div class=\"elementor-element elementor-element-ae0e9f7 elementor-align-left elementor-widget elementor-widget-button\" data-id=\"ae0e9f7\" data-element_type=\"widget\" data-widget_type=\"button.default\">\n\t\t\t\t\t\t\t\t\t\t<a class=\"elementor-button elementor-button-link elementor-size-sm\" href=\"#elementor-action%3Aaction%3Dpopup%3Aopen%26settings%3DeyJpZCI6NDgzNywidG9nZ2xlIjpmYWxzZX0%3D\" data-therapeut=\"Paolo Carrer\">\n\t\t\t\t\t\t<span class=\"elementor-button-content-wrapper\">\n\t\t\t\t\t\t\t\t\t<span class=\"elementor-button-text\">Contacto<\/span>\n\t\t\t\t\t<\/span>\n\t\t\t\t\t<\/a>\n\t\t\t\t\t\t\t\t<\/div>\n\t\t\t\t<\/div>\n\t\t<div class=\"elementor-element elementor-element-fa3743c e-con-full e-flex e-con e-child\" data-id=\"fa3743c\" data-element_type=\"container\" data-settings=\"{&quot;background_background&quot;:&quot;classic&quot;}\">\n\t\t\t\t<div class=\"elementor-element elementor-element-aaf4fe6 elementor-widget elementor-widget-image\" data-id=\"aaf4fe6\" data-element_type=\"widget\" data-widget_type=\"image.default\">\n\t\t\t\t\t\t\t\t\t\t\t\t\t\t\t<img loading=\"lazy\" decoding=\"async\" width=\"336\" height=\"400\" src=\"https:\/\/musicoterapiaconlarpa.com\/wp-content\/uploads\/2025\/02\/michele-gr.jpg\" class=\"attachment-full size-full wp-image-5219\" alt=\"\" srcset=\"https:\/\/musicoterapiaconlarpa.com\/wp-content\/uploads\/2025\/02\/michele-gr.jpg 336w, https:\/\/musicoterapiaconlarpa.com\/wp-content\/uploads\/2025\/02\/michele-gr-252x300.jpg 252w\" sizes=\"(max-width: 336px) 100vw, 336px\" \/>\t\t\t\t\t\t\t\t\t\t\t\t\t\t\t<\/div>\n\t\t\t\t<div class=\"elementor-element elementor-element-17d18c8 elementor-widget elementor-widget-heading\" data-id=\"17d18c8\" data-element_type=\"widget\" data-widget_type=\"heading.default\">\n\t\t\t\t\t<h3 class=\"elementor-heading-title elementor-size-default\">Michele Bersini <\/h3>\t\t\t\t<\/div>\n\t\t\t\t<div class=\"elementor-element elementor-element-f506249 elementor-widget elementor-widget-text-editor\" data-id=\"f506249\" data-element_type=\"widget\" data-widget_type=\"text-editor.default\">\n\t\t\t\t\t\t\t\t\t<p>Sonidoterapeuta en Musicoterapia con l&#8217;arpa<\/p>\n<p>Consejeros psicodin\u00e1micos<\/p>\n<p>Rebirthing<\/p>\n<div dir=\"auto\">Natur\u00f3pata<\/div>\n<div dir=\"auto\">Pr\u00e1ctica de la metamorfosis<\/div>\n<div dir=\"auto\">Entrenador bionaturop\u00e1tico de bienestar<\/div>\n<div dir=\"auto\">T\u00e9cnicas manuales hol\u00edsticas<\/div>\n<p>Localidad:: Italia<\/p>\n\t\t\t\t\t\t\t\t<\/div>\n\t\t\t\t<div class=\"elementor-element elementor-element-0da37b2 elementor-align-left elementor-widget elementor-widget-button\" data-id=\"0da37b2\" data-element_type=\"widget\" data-widget_type=\"button.default\">\n\t\t\t\t\t\t\t\t\t\t<a class=\"elementor-button elementor-button-link elementor-size-sm\" href=\"#elementor-action%3Aaction%3Dpopup%3Aopen%26settings%3DeyJpZCI6NDgzNywidG9nZ2xlIjpmYWxzZX0%3D\" data-therapeut=\"Michele Bersini\">\n\t\t\t\t\t\t<span class=\"elementor-button-content-wrapper\">\n\t\t\t\t\t\t\t\t\t<span class=\"elementor-button-text\">Contacto<\/span>\n\t\t\t\t\t<\/span>\n\t\t\t\t\t<\/a>\n\t\t\t\t\t\t\t\t<\/div>\n\t\t\t\t<\/div>\n\t\t<div class=\"elementor-element elementor-element-9658976 e-con-full e-flex e-con e-child\" data-id=\"9658976\" data-element_type=\"container\" data-settings=\"{&quot;background_background&quot;:&quot;classic&quot;}\">\n\t\t\t\t<div class=\"elementor-element elementor-element-a122388 elementor-widget elementor-widget-image\" data-id=\"a122388\" data-element_type=\"widget\" data-widget_type=\"image.default\">\n\t\t\t\t\t\t\t\t\t\t\t\t<figure class=\"wp-caption\">\n\t\t\t\t\t\t\t\t\t\t<img loading=\"lazy\" decoding=\"async\" width=\"493\" height=\"500\" src=\"https:\/\/musicoterapiaconlarpa.com\/wp-content\/uploads\/2025\/11\/Sandra-lachend-mit-klangschale-2.11.25-klein.jpg\" class=\"attachment-large size-large wp-image-5731\" alt=\"\" srcset=\"https:\/\/musicoterapiaconlarpa.com\/wp-content\/uploads\/2025\/11\/Sandra-lachend-mit-klangschale-2.11.25-klein.jpg 493w, https:\/\/musicoterapiaconlarpa.com\/wp-content\/uploads\/2025\/11\/Sandra-lachend-mit-klangschale-2.11.25-klein-296x300.jpg 296w\" sizes=\"(max-width: 493px) 100vw, 493px\" \/>\t\t\t\t\t\t\t\t\t\t\t<figcaption class=\"widget-image-caption wp-caption-text\"><\/figcaption>\n\t\t\t\t\t\t\t\t\t\t<\/figure>\n\t\t\t\t\t\t\t\t\t<\/div>\n\t\t\t\t<\/div>\n\t\t\t\t\t<\/div>\n\t\t\t\t<\/div>\n\t\t\t\t<\/div>\n\t\t","protected":false},"excerpt":{"rendered":"<p>Red Terapeutas Gerald Schwaiger Sonidoterapeuta en Musicoterapia con l&#8217;arpa Energizador humano Healy Coach- Consultor de diapas\u00f3n Localidad::\u00a0 Austria Contacto Tamara Djukic Sonidoterapeuta en Musicoterapia con l&#8217;arpa Profesora de piano Localidad: Serbia Contacto Monika Paul Fundadora del m\u00e9todo Musicoterapia con l&#8217;arpa Home\u00f3pata cl\u00e1sico Natur\u00f3pata autorizado en Cant\u00f3n Musicoterapeuta + Sonidoterapeuta Localidad:: Switzerland Contacto Paolo Carrer Sonidoterapeuta [&hellip;]<\/p>\n","protected":false},"author":3,"featured_media":0,"parent":0,"menu_order":0,"comment_status":"closed","ping_status":"closed","template":"elementor_header_footer","meta":{"footnotes":""},"class_list":["post-4325","page","type-page","status-publish","hentry"],"_links":{"self":[{"href":"https:\/\/musicoterapiaconlarpa.com\/es\/wp-json\/wp\/v2\/pages\/4325","targetHints":{"allow":["GET"]}}],"collection":[{"href":"https:\/\/musicoterapiaconlarpa.com\/es\/wp-json\/wp\/v2\/pages"}],"about":[{"href":"https:\/\/musicoterapiaconlarpa.com\/es\/wp-json\/wp\/v2\/types\/page"}],"author":[{"embeddable":true,"href":"https:\/\/musicoterapiaconlarpa.com\/es\/wp-json\/wp\/v2\/users\/3"}],"replies":[{"embeddable":true,"href":"https:\/\/musicoterapiaconlarpa.com\/es\/wp-json\/wp\/v2\/comments?post=4325"}],"version-history":[{"count":11,"href":"https:\/\/musicoterapiaconlarpa.com\/es\/wp-json\/wp\/v2\/pages\/4325\/revisions"}],"predecessor-version":[{"id":5830,"href":"https:\/\/musicoterapiaconlarpa.com\/es\/wp-json\/wp\/v2\/pages\/4325\/revisions\/5830"}],"wp:attachment":[{"href":"https:\/\/musicoterapiaconlarpa.com\/es\/wp-json\/wp\/v2\/media?parent=4325"}],"curies":[{"name":"wp","href":"https:\/\/api.w.org\/{rel}","templated":true}]}}