{"id":4292,"date":"2025-01-12T14:23:00","date_gmt":"2025-01-12T14:23:00","guid":{"rendered":"https:\/\/musicoterapiaconlarpa.com\/nivel-1\/"},"modified":"2025-02-10T21:53:34","modified_gmt":"2025-02-10T21:53:34","slug":"nivel-1","status":"publish","type":"page","link":"https:\/\/musicoterapiaconlarpa.com\/es\/formacion\/nivel-1\/","title":{"rendered":"Nivel 1"},"content":{"rendered":"\t\t<div data-elementor-type=\"wp-page\" data-elementor-id=\"4292\" class=\"elementor elementor-4292 elementor-2814\" data-elementor-post-type=\"page\">\n\t\t\t\t\t\t<section class=\"elementor-section elementor-top-section elementor-element elementor-element-d5e96d0 elementor-section-boxed elementor-section-height-default elementor-section-height-default\" data-id=\"d5e96d0\" data-element_type=\"section\" data-settings=\"{&quot;background_background&quot;:&quot;classic&quot;}\">\n\t\t\t\t\t\t\t<div class=\"elementor-background-overlay\"><\/div>\n\t\t\t\t\t\t\t<div class=\"elementor-container elementor-column-gap-default\">\n\t\t\t\t\t<div class=\"elementor-column elementor-col-50 elementor-top-column elementor-element elementor-element-76d8859\" data-id=\"76d8859\" data-element_type=\"column\">\n\t\t\t<div class=\"elementor-widget-wrap elementor-element-populated\">\n\t\t\t\t\t\t<div class=\"elementor-element elementor-element-c391f8c elementor-widget-divider--view-line_text elementor-widget-divider--element-align-right elementor-widget elementor-widget-divider\" data-id=\"c391f8c\" data-element_type=\"widget\" data-widget_type=\"divider.default\">\n\t\t\t\t\t\t\t<div class=\"elementor-divider\">\n\t\t\t<span class=\"elementor-divider-separator\">\n\t\t\t\t\t\t\t<span class=\"elementor-divider__text elementor-divider__element\">\n\t\t\t\tConcepto de 3 niveles\t\t\t\t<\/span>\n\t\t\t\t\t\t<\/span>\n\t\t<\/div>\n\t\t\t\t\t\t<\/div>\n\t\t\t\t<div class=\"elementor-element elementor-element-404c95e elementor-widget elementor-widget-heading\" data-id=\"404c95e\" data-element_type=\"widget\" data-widget_type=\"heading.default\">\n\t\t\t\t\t<h1 class=\"elementor-heading-title elementor-size-default\">Nivel 1<\/h1>\t\t\t\t<\/div>\n\t\t\t\t\t<\/div>\n\t\t<\/div>\n\t\t\t\t<div class=\"elementor-column elementor-col-50 elementor-top-column elementor-element elementor-element-f759f8e elementor-hidden-tablet elementor-hidden-mobile\" data-id=\"f759f8e\" data-element_type=\"column\">\n\t\t\t<div class=\"elementor-widget-wrap\">\n\t\t\t\t\t\t\t<\/div>\n\t\t<\/div>\n\t\t\t\t\t<\/div>\n\t\t<\/section>\n\t\t\t\t<section class=\"elementor-section elementor-top-section elementor-element elementor-element-fdac0bd elementor-reverse-tablet elementor-reverse-mobile elementor-section-boxed elementor-section-height-default elementor-section-height-default\" data-id=\"fdac0bd\" data-element_type=\"section\">\n\t\t\t\t\t\t<div class=\"elementor-container elementor-column-gap-default\">\n\t\t\t\t\t<div class=\"elementor-column elementor-col-50 elementor-top-column elementor-element elementor-element-5677f93\" data-id=\"5677f93\" data-element_type=\"column\">\n\t\t\t<div class=\"elementor-widget-wrap elementor-element-populated\">\n\t\t\t\t\t\t<div class=\"elementor-element elementor-element-bd32721 elementor-widget elementor-widget-heading\" data-id=\"bd32721\" data-element_type=\"widget\" data-settings=\"{&quot;_animation&quot;:&quot;none&quot;,&quot;_animation_delay&quot;:200}\" data-widget_type=\"heading.default\">\n\t\t\t\t\t<h2 class=\"elementor-heading-title elementor-size-default\">Formaci\u00f3n Nivel 1<\/h2>\t\t\t\t<\/div>\n\t\t\t\t<div class=\"elementor-element elementor-element-6c6d046 elementor-widget elementor-widget-text-editor\" data-id=\"6c6d046\" data-element_type=\"widget\" data-widget_type=\"text-editor.default\">\n\t\t\t\t\t\t\t\t\t<p><strong>Formaci\u00f3n de 360\u00b0 <\/strong><\/p>\n<p><strong>en torno a la cama musical arm\u00f3nica con 112 cuerdas<\/strong><\/p>\n<ol>\n<li>Encontrar las causas de las enfermedades con la camamusical\/sonora arm\u00f3nica de 432 Hz<\/li>\n<li>Aprender la anatom\u00eda de la vibraci\u00f3n<\/li>\n<li>La teor\u00eda de Einstein, Pit\u00e1goras y Hip\u00f3crates<\/li>\n<li>La ley cu\u00e1ntica del ser<\/li>\n<li>Ondas alfa, beta, delta, theta, gamma<\/li>\n<li>La respiraci\u00f3n y la cama musical arm\u00f3nica<\/li>\n<li>Ayurveda y cama sonora arm\u00f3nica<\/li>\n<li>Nada-yoga y cama sonora arm\u00f3nica<\/li>\n<li>Frecuencia de la luz y cama musical arm\u00f3nica<\/li>\n<li>Caracter\u00edsticas de diagn\u00f3stico<\/li>\n<li>Experimentar y aprender en la teor\u00eda y en la pr\u00e1ctica<\/li>\n<\/ol>\n<p>Aprende con Ayurveda lo b\u00e1sico sobre las vibraciones y su espectro de efectos.<\/p>\n\t\t\t\t\t\t\t\t<\/div>\n\t\t\t\t<div class=\"elementor-element elementor-element-9081468 elementor-mobile-align-center elementor-widget elementor-widget-button\" data-id=\"9081468\" data-element_type=\"widget\" data-widget_type=\"button.default\">\n\t\t\t\t\t\t\t\t\t\t<a class=\"elementor-button elementor-button-link elementor-size-sm\" href=\"https:\/\/musicoterapiaconlarpa.com\/es\/kontakt\/\">\n\t\t\t\t\t\t<span class=\"elementor-button-content-wrapper\">\n\t\t\t\t\t\t<span class=\"elementor-button-icon\">\n\t\t\t\t<i aria-hidden=\"true\" class=\"icon icon-arrow-right\"><\/i>\t\t\t<\/span>\n\t\t\t\t\t\t\t\t\t<span class=\"elementor-button-text\">Solicite informaci\u00f3n ahora<\/span>\n\t\t\t\t\t<\/span>\n\t\t\t\t\t<\/a>\n\t\t\t\t\t\t\t\t<\/div>\n\t\t\t\t\t<\/div>\n\t\t<\/div>\n\t\t\t\t<div class=\"elementor-column elementor-col-50 elementor-top-column elementor-element elementor-element-62b5a2f\" data-id=\"62b5a2f\" data-element_type=\"column\" data-settings=\"{&quot;background_background&quot;:&quot;classic&quot;}\">\n\t\t\t<div class=\"elementor-widget-wrap elementor-element-populated\">\n\t\t\t\t\t\t<div class=\"elementor-element elementor-element-a8c8e26 elementor-widget elementor-widget-video\" data-id=\"a8c8e26\" data-element_type=\"widget\" data-settings=\"{&quot;youtube_url&quot;:&quot;https:\\\/\\\/youtu.be\\\/HZN78kGGe50?list=PLkKp6uN03Y2S4IdhOIYlmHKrDemLHFWxI&quot;,&quot;show_image_overlay&quot;:&quot;yes&quot;,&quot;image_overlay&quot;:{&quot;url&quot;:&quot;http:\\\/\\\/musicoterapiaconlarpa.com\\\/wp-content\\\/uploads\\\/2025\\\/01\\\/WhatsApp-Image-2025-01-12-at-15.34.44.jpeg&quot;,&quot;id&quot;:2857,&quot;size&quot;:&quot;&quot;,&quot;alt&quot;:&quot;&quot;,&quot;source&quot;:&quot;library&quot;},&quot;video_type&quot;:&quot;youtube&quot;,&quot;controls&quot;:&quot;yes&quot;}\" data-widget_type=\"video.default\">\n\t\t\t\t\t\t\t<div class=\"elementor-wrapper elementor-open-inline\">\n\t\t\t<div class=\"elementor-video\"><\/div>\t\t\t\t<div class=\"elementor-custom-embed-image-overlay\" style=\"background-image: url(https:\/\/musicoterapiaconlarpa.com\/wp-content\/uploads\/2025\/01\/WhatsApp-Image-2025-01-12-at-15.34.44.jpeg);\">\n\t\t\t\t\t\t\t\t\t\t\t\t\t\t\t\t<div class=\"elementor-custom-embed-play\" role=\"button\" aria-label=\"Reproducir v\u00eddeo\" tabindex=\"0\">\n\t\t\t\t\t\t\t<svg aria-hidden=\"true\" class=\"e-font-icon-svg e-eicon-play\" viewBox=\"0 0 1000 1000\" xmlns=\"http:\/\/www.w3.org\/2000\/svg\"><path d=\"M838 162C746 71 633 25 500 25 371 25 258 71 163 162 71 254 25 367 25 500 25 633 71 746 163 837 254 929 367 979 500 979 633 979 746 933 838 837 929 746 975 633 975 500 975 367 929 254 838 162M808 192C892 279 933 379 933 500 933 621 892 725 808 808 725 892 621 938 500 938 379 938 279 896 196 808 113 725 67 621 67 500 67 379 108 279 196 192 279 108 383 62 500 62 621 62 721 108 808 192M438 392V642L642 517 438 392Z\"><\/path><\/svg>\t\t\t\t\t\t<\/div>\n\t\t\t\t\t\t\t\t\t<\/div>\n\t\t\t\t\t<\/div>\n\t\t\t\t\t\t<\/div>\n\t\t\t\t\t<\/div>\n\t\t<\/div>\n\t\t\t\t\t<\/div>\n\t\t<\/section>\n\t\t\t\t<\/div>\n\t\t","protected":false},"excerpt":{"rendered":"<p>Concepto de 3 niveles Nivel 1 Formaci\u00f3n Nivel 1 Formaci\u00f3n de 360\u00b0 en torno a la cama musical arm\u00f3nica con 112 cuerdas Encontrar las causas de las enfermedades con la camamusical\/sonora arm\u00f3nica de 432 Hz Aprender la anatom\u00eda de la vibraci\u00f3n La teor\u00eda de Einstein, Pit\u00e1goras y Hip\u00f3crates La ley cu\u00e1ntica del ser Ondas alfa, [&hellip;]<\/p>\n","protected":false},"author":3,"featured_media":0,"parent":4473,"menu_order":0,"comment_status":"closed","ping_status":"closed","template":"elementor_header_footer","meta":{"footnotes":""},"class_list":["post-4292","page","type-page","status-publish","hentry"],"_links":{"self":[{"href":"https:\/\/musicoterapiaconlarpa.com\/es\/wp-json\/wp\/v2\/pages\/4292","targetHints":{"allow":["GET"]}}],"collection":[{"href":"https:\/\/musicoterapiaconlarpa.com\/es\/wp-json\/wp\/v2\/pages"}],"about":[{"href":"https:\/\/musicoterapiaconlarpa.com\/es\/wp-json\/wp\/v2\/types\/page"}],"author":[{"embeddable":true,"href":"https:\/\/musicoterapiaconlarpa.com\/es\/wp-json\/wp\/v2\/users\/3"}],"replies":[{"embeddable":true,"href":"https:\/\/musicoterapiaconlarpa.com\/es\/wp-json\/wp\/v2\/comments?post=4292"}],"version-history":[{"count":4,"href":"https:\/\/musicoterapiaconlarpa.com\/es\/wp-json\/wp\/v2\/pages\/4292\/revisions"}],"predecessor-version":[{"id":4394,"href":"https:\/\/musicoterapiaconlarpa.com\/es\/wp-json\/wp\/v2\/pages\/4292\/revisions\/4394"}],"up":[{"embeddable":true,"href":"https:\/\/musicoterapiaconlarpa.com\/es\/wp-json\/wp\/v2\/pages\/4473"}],"wp:attachment":[{"href":"https:\/\/musicoterapiaconlarpa.com\/es\/wp-json\/wp\/v2\/media?parent=4292"}],"curies":[{"name":"wp","href":"https:\/\/api.w.org\/{rel}","templated":true}]}}