{"id":4246,"date":"2025-01-06T15:13:36","date_gmt":"2025-01-06T15:13:36","guid":{"rendered":"https:\/\/musicoterapiaconlarpa.com\/investigacion\/"},"modified":"2025-02-17T11:13:06","modified_gmt":"2025-02-17T11:13:06","slug":"investigacion","status":"publish","type":"page","link":"https:\/\/musicoterapiaconlarpa.com\/es\/investigacion\/","title":{"rendered":"Investigaci\u00f3n"},"content":{"rendered":"\t\t<div data-elementor-type=\"wp-page\" data-elementor-id=\"4246\" class=\"elementor elementor-4246 elementor-2454\" data-elementor-post-type=\"page\">\n\t\t\t\t\t\t<section class=\"elementor-section elementor-top-section elementor-element elementor-element-b693f23 elementor-section-boxed elementor-section-height-default elementor-section-height-default\" data-id=\"b693f23\" data-element_type=\"section\" data-settings=\"{&quot;background_background&quot;:&quot;classic&quot;}\">\n\t\t\t\t\t\t\t<div class=\"elementor-background-overlay\"><\/div>\n\t\t\t\t\t\t\t<div class=\"elementor-container elementor-column-gap-default\">\n\t\t\t\t\t<div class=\"elementor-column elementor-col-50 elementor-top-column elementor-element elementor-element-b502575\" data-id=\"b502575\" data-element_type=\"column\">\n\t\t\t<div class=\"elementor-widget-wrap elementor-element-populated\">\n\t\t\t\t\t\t<div class=\"elementor-element elementor-element-a9dca95 elementor-widget-divider--view-line_text elementor-widget-divider--element-align-right elementor-widget elementor-widget-divider\" data-id=\"a9dca95\" data-element_type=\"widget\" data-widget_type=\"divider.default\">\n\t\t\t\t\t\t\t<div class=\"elementor-divider\">\n\t\t\t<span class=\"elementor-divider-separator\">\n\t\t\t\t\t\t\t<span class=\"elementor-divider__text elementor-divider__element\">\n\t\t\t\tCiencia \t\t\t\t<\/span>\n\t\t\t\t\t\t<\/span>\n\t\t<\/div>\n\t\t\t\t\t\t<\/div>\n\t\t\t\t<div class=\"elementor-element elementor-element-d67b159 elementor-widget elementor-widget-heading\" data-id=\"d67b159\" data-element_type=\"widget\" data-widget_type=\"heading.default\">\n\t\t\t\t\t<h1 class=\"elementor-heading-title elementor-size-default\">Investigaci\u00f3n<\/h1>\t\t\t\t<\/div>\n\t\t\t\t\t<\/div>\n\t\t<\/div>\n\t\t\t\t<div class=\"elementor-column elementor-col-50 elementor-top-column elementor-element elementor-element-47be807 elementor-hidden-tablet elementor-hidden-mobile\" data-id=\"47be807\" data-element_type=\"column\">\n\t\t\t<div class=\"elementor-widget-wrap\">\n\t\t\t\t\t\t\t<\/div>\n\t\t<\/div>\n\t\t\t\t\t<\/div>\n\t\t<\/section>\n\t\t\t\t<section class=\"elementor-section elementor-top-section elementor-element elementor-element-8178177 elementor-section-boxed elementor-section-height-default elementor-section-height-default\" data-id=\"8178177\" data-element_type=\"section\" data-settings=\"{&quot;background_background&quot;:&quot;classic&quot;}\">\n\t\t\t\t\t\t\t<div class=\"elementor-background-overlay\"><\/div>\n\t\t\t\t\t\t\t<div class=\"elementor-container elementor-column-gap-default\">\n\t\t\t\t\t<div class=\"elementor-column elementor-col-100 elementor-top-column elementor-element elementor-element-faddd14\" data-id=\"faddd14\" data-element_type=\"column\">\n\t\t\t<div class=\"elementor-widget-wrap elementor-element-populated\">\n\t\t\t\t\t\t<section class=\"elementor-section elementor-inner-section elementor-element elementor-element-e788913 elementor-section-full_width elementor-section-content-middle elementor-reverse-mobile elementor-section-height-default elementor-section-height-default\" data-id=\"e788913\" data-element_type=\"section\">\n\t\t\t\t\t\t<div class=\"elementor-container elementor-column-gap-default\">\n\t\t\t\t\t<div class=\"elementor-column elementor-col-50 elementor-inner-column elementor-element elementor-element-13f6b81\" data-id=\"13f6b81\" data-element_type=\"column\">\n\t\t\t<div class=\"elementor-widget-wrap elementor-element-populated\">\n\t\t\t\t\t\t<div class=\"elementor-element elementor-element-28925fb elementor-widget-divider--view-line_text elementor-widget-divider--element-align-right elementor-widget elementor-widget-divider\" data-id=\"28925fb\" data-element_type=\"widget\" data-widget_type=\"divider.default\">\n\t\t\t\t\t\t\t<div class=\"elementor-divider\">\n\t\t\t<span class=\"elementor-divider-separator\">\n\t\t\t\t\t\t\t<span class=\"elementor-divider__text elementor-divider__element\">\n\t\t\t\tResultados de la investigaci\u00f3n\t\t\t\t<\/span>\n\t\t\t\t\t\t<\/span>\n\t\t<\/div>\n\t\t\t\t\t\t<\/div>\n\t\t\t\t<div class=\"elementor-element elementor-element-7ce64c8 elementor-widget elementor-widget-heading\" data-id=\"7ce64c8\" data-element_type=\"widget\" data-settings=\"{&quot;_animation&quot;:&quot;none&quot;,&quot;_animation_delay&quot;:200}\" data-widget_type=\"heading.default\">\n\t\t\t\t\t<h2 class=\"elementor-heading-title elementor-size-default\">El nuevo m\u00e9todo de tratar con frecuencias<\/h2>\t\t\t\t<\/div>\n\t\t\t\t<div class=\"elementor-element elementor-element-701c8e4 elementor-widget elementor-widget-text-editor\" data-id=\"701c8e4\" data-element_type=\"widget\" data-widget_type=\"text-editor.default\">\n\t\t\t\t\t\t\t\t\t<p>La investigaci\u00f3n cl\u00ednica del m\u00e9todo \u00abMusicoterapia con l\u2019Arpa\u00ae\u00bb*<br \/>\nest\u00e1 orientada al paciente y es interdisciplinaria.<br \/>\n*Elm\u00e9todo se ha registrado con este nombre y no se puede traducir.<br \/>\n(Aqu\u00ed la traducci\u00f3nliteral: musicoterapia con el arpa)<\/p>\n<p>La encuesta cubre todo el espectro antes y despu\u00e9s del tratamiento oncol\u00f3gico hospitalario.<\/p>\n\t\t\t\t\t\t\t\t<\/div>\n\t\t\t\t<div class=\"elementor-element elementor-element-06aff3f elementor-widget elementor-widget-button\" data-id=\"06aff3f\" data-element_type=\"widget\" data-widget_type=\"button.default\">\n\t\t\t\t\t\t\t\t\t\t<a class=\"elementor-button elementor-button-link elementor-size-sm\" href=\"https:\/\/musicoterapiaconlarpa.com\/es\/kontakt\/\">\n\t\t\t\t\t\t<span class=\"elementor-button-content-wrapper\">\n\t\t\t\t\t\t<span class=\"elementor-button-icon\">\n\t\t\t\t<i aria-hidden=\"true\" class=\"icon icon-arrow-right\"><\/i>\t\t\t<\/span>\n\t\t\t\t\t\t\t\t\t<span class=\"elementor-button-text\">Contacte con nosotros<\/span>\n\t\t\t\t\t<\/span>\n\t\t\t\t\t<\/a>\n\t\t\t\t\t\t\t\t<\/div>\n\t\t\t\t\t<\/div>\n\t\t<\/div>\n\t\t\t\t<div class=\"elementor-column elementor-col-50 elementor-inner-column elementor-element elementor-element-e02834d\" data-id=\"e02834d\" data-element_type=\"column\">\n\t\t\t<div class=\"elementor-widget-wrap elementor-element-populated\">\n\t\t\t\t\t\t<div class=\"elementor-element elementor-element-67a9f7f elementor-widget elementor-widget-video\" data-id=\"67a9f7f\" data-element_type=\"widget\" data-settings=\"{&quot;youtube_url&quot;:&quot;https:\\\/\\\/youtu.be\\\/gpuZs-I9qUo&quot;,&quot;show_image_overlay&quot;:&quot;yes&quot;,&quot;image_overlay&quot;:{&quot;url&quot;:&quot;http:\\\/\\\/musicoterapiaconlarpa.com\\\/wp-content\\\/uploads\\\/2025\\\/01\\\/WhatsApp-Image-2025-01-12-at-15.48.30.jpeg&quot;,&quot;id&quot;:2884,&quot;size&quot;:&quot;&quot;,&quot;alt&quot;:&quot;&quot;,&quot;source&quot;:&quot;library&quot;},&quot;video_type&quot;:&quot;youtube&quot;,&quot;controls&quot;:&quot;yes&quot;}\" data-widget_type=\"video.default\">\n\t\t\t\t\t\t\t<div class=\"elementor-wrapper elementor-open-inline\">\n\t\t\t<div class=\"elementor-video\"><\/div>\t\t\t\t<div class=\"elementor-custom-embed-image-overlay\" style=\"background-image: url(https:\/\/musicoterapiaconlarpa.com\/wp-content\/uploads\/2025\/01\/WhatsApp-Image-2025-01-12-at-15.48.30.jpeg);\">\n\t\t\t\t\t\t\t\t\t\t\t\t\t\t\t\t<div class=\"elementor-custom-embed-play\" role=\"button\" aria-label=\"Reproducir v\u00eddeo\" tabindex=\"0\">\n\t\t\t\t\t\t\t<svg aria-hidden=\"true\" class=\"e-font-icon-svg e-eicon-play\" viewBox=\"0 0 1000 1000\" xmlns=\"http:\/\/www.w3.org\/2000\/svg\"><path d=\"M838 162C746 71 633 25 500 25 371 25 258 71 163 162 71 254 25 367 25 500 25 633 71 746 163 837 254 929 367 979 500 979 633 979 746 933 838 837 929 746 975 633 975 500 975 367 929 254 838 162M808 192C892 279 933 379 933 500 933 621 892 725 808 808 725 892 621 938 500 938 379 938 279 896 196 808 113 725 67 621 67 500 67 379 108 279 196 192 279 108 383 62 500 62 621 62 721 108 808 192M438 392V642L642 517 438 392Z\"><\/path><\/svg>\t\t\t\t\t\t<\/div>\n\t\t\t\t\t\t\t\t\t<\/div>\n\t\t\t\t\t<\/div>\n\t\t\t\t\t\t<\/div>\n\t\t\t\t\t<\/div>\n\t\t<\/div>\n\t\t\t\t\t<\/div>\n\t\t<\/section>\n\t\t\t\t\t<\/div>\n\t\t<\/div>\n\t\t\t\t\t<\/div>\n\t\t<\/section>\n\t\t\t\t<section class=\"elementor-section elementor-top-section elementor-element elementor-element-0d33b04 elementor-section-boxed elementor-section-height-default elementor-section-height-default\" data-id=\"0d33b04\" data-element_type=\"section\" data-settings=\"{&quot;background_background&quot;:&quot;classic&quot;}\">\n\t\t\t\t\t\t\t<div class=\"elementor-background-overlay\"><\/div>\n\t\t\t\t\t\t\t<div class=\"elementor-container elementor-column-gap-default\">\n\t\t\t\t\t<div class=\"elementor-column elementor-col-100 elementor-top-column elementor-element elementor-element-6781092\" data-id=\"6781092\" data-element_type=\"column\">\n\t\t\t<div class=\"elementor-widget-wrap elementor-element-populated\">\n\t\t\t\t\t\t<section class=\"elementor-section elementor-inner-section elementor-element elementor-element-68fc200 elementor-section-full_width elementor-section-content-middle elementor-reverse-mobile elementor-section-height-default elementor-section-height-default\" data-id=\"68fc200\" data-element_type=\"section\">\n\t\t\t\t\t\t<div class=\"elementor-container elementor-column-gap-default\">\n\t\t\t\t\t<div class=\"elementor-column elementor-col-50 elementor-inner-column elementor-element elementor-element-cc643c5\" data-id=\"cc643c5\" data-element_type=\"column\">\n\t\t\t<div class=\"elementor-widget-wrap elementor-element-populated\">\n\t\t\t\t\t\t<div class=\"elementor-element elementor-element-7ce7cc9 elementor-widget elementor-widget-image\" data-id=\"7ce7cc9\" data-element_type=\"widget\" data-widget_type=\"image.default\">\n\t\t\t\t\t\t\t\t\t\t\t\t\t\t\t<img fetchpriority=\"high\" decoding=\"async\" width=\"800\" height=\"600\" src=\"https:\/\/musicoterapiaconlarpa.com\/wp-content\/uploads\/2025\/01\/WhatsApp-Image-2025-01-12-at-15.48.20.jpeg\" class=\"attachment-large size-large wp-image-2883\" alt=\"\" srcset=\"https:\/\/musicoterapiaconlarpa.com\/wp-content\/uploads\/2025\/01\/WhatsApp-Image-2025-01-12-at-15.48.20.jpeg 800w, https:\/\/musicoterapiaconlarpa.com\/wp-content\/uploads\/2025\/01\/WhatsApp-Image-2025-01-12-at-15.48.20-300x225.jpeg 300w, https:\/\/musicoterapiaconlarpa.com\/wp-content\/uploads\/2025\/01\/WhatsApp-Image-2025-01-12-at-15.48.20-768x576.jpeg 768w\" sizes=\"(max-width: 800px) 100vw, 800px\" \/>\t\t\t\t\t\t\t\t\t\t\t\t\t\t\t<\/div>\n\t\t\t\t\t<\/div>\n\t\t<\/div>\n\t\t\t\t<div class=\"elementor-column elementor-col-50 elementor-inner-column elementor-element elementor-element-c433079\" data-id=\"c433079\" data-element_type=\"column\">\n\t\t\t<div class=\"elementor-widget-wrap elementor-element-populated\">\n\t\t\t\t\t\t<div class=\"elementor-element elementor-element-3f44652 elementor-widget-divider--view-line_text elementor-widget-divider--element-align-right elementor-widget elementor-widget-divider\" data-id=\"3f44652\" data-element_type=\"widget\" data-widget_type=\"divider.default\">\n\t\t\t\t\t\t\t<div class=\"elementor-divider\">\n\t\t\t<span class=\"elementor-divider-separator\">\n\t\t\t\t\t\t\t<span class=\"elementor-divider__text elementor-divider__element\">\n\t\t\t\tResultados de la investigaci\u00f3n\t\t\t\t<\/span>\n\t\t\t\t\t\t<\/span>\n\t\t<\/div>\n\t\t\t\t\t\t<\/div>\n\t\t\t\t<div class=\"elementor-element elementor-element-cc2db66 elementor-widget elementor-widget-heading\" data-id=\"cc2db66\" data-element_type=\"widget\" data-settings=\"{&quot;_animation&quot;:&quot;none&quot;,&quot;_animation_delay&quot;:200}\" data-widget_type=\"heading.default\">\n\t\t\t\t\t<h2 class=\"elementor-heading-title elementor-size-default\">Investigaci\u00f3n en la que se basa el m\u00e9todo<\/h2>\t\t\t\t<\/div>\n\t\t\t\t<div class=\"elementor-element elementor-element-eb0af52 elementor-widget elementor-widget-text-editor\" data-id=\"eb0af52\" data-element_type=\"widget\" data-widget_type=\"text-editor.default\">\n\t\t\t\t\t\t\t\t\t<p>El m\u00e9todo de la Musicoterapia de Frecuencia se basa en la cama musical arm\u00f3nica de 112 cuerdas, sintonizada a 432 Hertz.<\/p>\n<p>Esta frecuencia espec\u00edfica de 432 Hz se conoce como la \u00abvibraci\u00f3n dorada\u00bb porque est\u00e1 \u00aben armon\u00eda con todo lo que hay en nosotros y a nuestro alrededor\u00bb. Recoge con sensibilidad los ritmos naturales de nuestro cuerpo y de la tierra y nos los \u00abrefleja\u00bb.<\/p>\n<p>Adem\u00e1s, la Musicoterapia con l\u2019Arpa\u00ae utiliza hasta 150 frecuencias de diapas\u00f3n (fonoforesis) y todo se complementa con Pranayama (respiraci\u00f3n) + Nada Yoga (sonido\/voz)<\/p>\n\t\t\t\t\t\t\t\t<\/div>\n\t\t\t\t\t<\/div>\n\t\t<\/div>\n\t\t\t\t\t<\/div>\n\t\t<\/section>\n\t\t\t\t\t<\/div>\n\t\t<\/div>\n\t\t\t\t\t<\/div>\n\t\t<\/section>\n\t\t\t\t<section class=\"elementor-section elementor-top-section elementor-element elementor-element-1312bb5 elementor-section-boxed elementor-section-height-default elementor-section-height-default\" data-id=\"1312bb5\" data-element_type=\"section\" data-settings=\"{&quot;background_background&quot;:&quot;classic&quot;}\">\n\t\t\t\t\t\t\t<div class=\"elementor-background-overlay\"><\/div>\n\t\t\t\t\t\t\t<div class=\"elementor-container elementor-column-gap-default\">\n\t\t\t\t\t<div class=\"elementor-column elementor-col-100 elementor-top-column elementor-element elementor-element-d2d2b02\" data-id=\"d2d2b02\" data-element_type=\"column\">\n\t\t\t<div class=\"elementor-widget-wrap elementor-element-populated\">\n\t\t\t\t\t\t<div class=\"elementor-element elementor-element-13d9c1a elementor-widget-divider--view-line_text elementor-widget-divider--element-align-right elementor-widget elementor-widget-divider\" data-id=\"13d9c1a\" data-element_type=\"widget\" data-widget_type=\"divider.default\">\n\t\t\t\t\t\t\t<div class=\"elementor-divider\">\n\t\t\t<span class=\"elementor-divider-separator\">\n\t\t\t\t\t\t\t<span class=\"elementor-divider__text elementor-divider__element\">\n\t\t\t\tEn la pr\u00e1ctica\t\t\t\t<\/span>\n\t\t\t\t\t\t<\/span>\n\t\t<\/div>\n\t\t\t\t\t\t<\/div>\n\t\t\t\t<div class=\"elementor-element elementor-element-9324aaa elementor-widget elementor-widget-heading\" data-id=\"9324aaa\" data-element_type=\"widget\" data-settings=\"{&quot;_animation&quot;:&quot;none&quot;,&quot;_animation_delay&quot;:200}\" data-widget_type=\"heading.default\">\n\t\t\t\t\t<h2 class=\"elementor-heading-title elementor-size-default\">Estudio sobre el efecto y resultados<\/h2>\t\t\t\t<\/div>\n\t\t\t\t<div class=\"elementor-element elementor-element-14c5792 elementor-widget elementor-widget-text-editor\" data-id=\"14c5792\" data-element_type=\"widget\" data-widget_type=\"text-editor.default\">\n\t\t\t\t\t\t\t\t\t<p>El estudio cl\u00ednico realizado en el Hospital Campostaggia de Poggibonsi (Toscana, Italia) investig\u00f3 el efecto de la mesa sonora. 30 pacientes que recibieron el m\u00e9todo Musicoterapia con l\u2019arpa.<\/p>\n<p>Se compararon con un grupo de control de 30 pacientes sin tratamiento..<\/p>\n<p>El estudio se denomin\u00f3 ARPAS.<\/p>\n<p><span style=\"color: #ff0000;\"><strong>A<\/strong><\/span>rmonia (armon\u00eda)<\/p>\n<p><span style=\"color: #ff0000;\"><strong>R<\/strong><\/span>ilassamento (relajaci\u00f3n)<\/p>\n<p><span style=\"color: #ff0000;\"><strong>P<\/strong><\/span>iacevolezza (agradabilidad)<\/p>\n<p><span style=\"color: #ff0000;\"><strong>A<\/strong><\/span>lleggerimento dei <strong>S<\/strong>intomi (alivio de los s\u00edntomas)<\/p>\n\t\t\t\t\t\t\t\t<\/div>\n\t\t\t\t<div class=\"elementor-element elementor-element-fa3d08f elementor-widget elementor-widget-image\" data-id=\"fa3d08f\" data-element_type=\"widget\" data-widget_type=\"image.default\">\n\t\t\t\t\t\t\t\t\t\t\t\t\t\t\t\t<a href=\"http:\/\/musicoterapiaconlarpa.com\/wp-content\/uploads\/2024\/12\/grafik.png\" data-elementor-open-lightbox=\"no\">\n\t\t\t\t\t\t\t<img decoding=\"async\" width=\"2636\" height=\"1476\" src=\"https:\/\/musicoterapiaconlarpa.com\/wp-content\/uploads\/2024\/12\/grafik.png\" class=\"attachment-full size-full wp-image-2183\" alt=\"\" srcset=\"https:\/\/musicoterapiaconlarpa.com\/wp-content\/uploads\/2024\/12\/grafik.png 2636w, https:\/\/musicoterapiaconlarpa.com\/wp-content\/uploads\/2024\/12\/grafik-300x168.png 300w, https:\/\/musicoterapiaconlarpa.com\/wp-content\/uploads\/2024\/12\/grafik-1024x573.png 1024w, https:\/\/musicoterapiaconlarpa.com\/wp-content\/uploads\/2024\/12\/grafik-768x430.png 768w, https:\/\/musicoterapiaconlarpa.com\/wp-content\/uploads\/2024\/12\/grafik-1536x860.png 1536w, https:\/\/musicoterapiaconlarpa.com\/wp-content\/uploads\/2024\/12\/grafik-2048x1147.png 2048w\" sizes=\"(max-width: 2636px) 100vw, 2636px\" \/>\t\t\t\t\t\t\t\t<\/a>\n\t\t\t\t\t\t\t\t\t\t\t\t\t\t\t<\/div>\n\t\t\t\t<div class=\"elementor-element elementor-element-4b877ee elementor-align-center elementor-widget elementor-widget-button\" data-id=\"4b877ee\" data-element_type=\"widget\" data-widget_type=\"button.default\">\n\t\t\t\t\t\t\t\t\t\t<a class=\"elementor-button elementor-button-link elementor-size-sm\" href=\"#\">\n\t\t\t\t\t\t<span class=\"elementor-button-content-wrapper\">\n\t\t\t\t\t\t<span class=\"elementor-button-icon\">\n\t\t\t\t<i aria-hidden=\"true\" class=\"icon icon-arrow-right\"><\/i>\t\t\t<\/span>\n\t\t\t\t\t\t\t\t\t<span class=\"elementor-button-text\">Para el libro<\/span>\n\t\t\t\t\t<\/span>\n\t\t\t\t\t<\/a>\n\t\t\t\t\t\t\t\t<\/div>\n\t\t\t\t\t<\/div>\n\t\t<\/div>\n\t\t\t\t\t<\/div>\n\t\t<\/section>\n\t\t<div class=\"elementor-element elementor-element-a1534b1 e-flex e-con-boxed e-con e-parent\" data-id=\"a1534b1\" data-element_type=\"container\">\n\t\t\t\t\t<div class=\"e-con-inner\">\n\t\t\t\t<div class=\"elementor-element elementor-element-af1ee16 elementor-widget elementor-widget-video\" data-id=\"af1ee16\" data-element_type=\"widget\" data-settings=\"{&quot;youtube_url&quot;:&quot;https:\\\/\\\/youtu.be\\\/gpuZs-I9qUo?list=PLkKp6uN03Y2TQ7q_5TvJlDwqjI3-Eq28w&quot;,&quot;video_type&quot;:&quot;youtube&quot;,&quot;controls&quot;:&quot;yes&quot;}\" data-widget_type=\"video.default\">\n\t\t\t\t\t\t\t<div class=\"elementor-wrapper elementor-open-inline\">\n\t\t\t<div class=\"elementor-video\"><\/div>\t\t<\/div>\n\t\t\t\t\t\t<\/div>\n\t\t\t\t<div class=\"elementor-element elementor-element-6bb5e8c elementor-widget elementor-widget-text-editor\" data-id=\"6bb5e8c\" data-element_type=\"widget\" data-widget_type=\"text-editor.default\">\n\t\t\t\t\t\t\t\t\t<p>Mi objetivo es crear un mundo en el que cada ciudad tenga al menos un terapeuta formado que sepa utilizar correctamente este m\u00e9todo. Juntos podemos contribuir a que la m\u00fasica y las vibraciones vuelvan a encontrar su lugar en el arte de curar.<\/p>\n<p>Todo ello sin efectos secundarios, pero con un gran impacto.<\/p>\n\t\t\t\t\t\t\t\t<\/div>\n\t\t\t\t\t<\/div>\n\t\t\t\t<\/div>\n\t\t\t\t<section class=\"elementor-section elementor-top-section elementor-element elementor-element-30f40ab elementor-section-boxed elementor-section-height-default elementor-section-height-default\" data-id=\"30f40ab\" data-element_type=\"section\" data-settings=\"{&quot;background_background&quot;:&quot;classic&quot;}\">\n\t\t\t\t\t\t<div class=\"elementor-container elementor-column-gap-default\">\n\t\t\t\t\t<div class=\"elementor-column elementor-col-33 elementor-top-column elementor-element elementor-element-4c3a4c9 elementor-hidden-tablet elementor-hidden-mobile\" data-id=\"4c3a4c9\" data-element_type=\"column\">\n\t\t\t<div class=\"elementor-widget-wrap\">\n\t\t\t\t\t\t\t<\/div>\n\t\t<\/div>\n\t\t\t\t<div class=\"elementor-column elementor-col-33 elementor-top-column elementor-element elementor-element-192161c\" data-id=\"192161c\" data-element_type=\"column\">\n\t\t\t<div class=\"elementor-widget-wrap elementor-element-populated\">\n\t\t\t\t\t\t<div class=\"elementor-element elementor-element-b859012 elementor-widget-divider--view-line_text elementor-widget-divider--element-align-right elementor-widget elementor-widget-divider\" data-id=\"b859012\" data-element_type=\"widget\" data-widget_type=\"divider.default\">\n\t\t\t\t\t\t\t<div class=\"elementor-divider\">\n\t\t\t<span class=\"elementor-divider-separator\">\n\t\t\t\t\t\t\t<span class=\"elementor-divider__text elementor-divider__element\">\n\t\t\t\tEl camino para contactarme\t\t\t\t<\/span>\n\t\t\t\t\t\t<\/span>\n\t\t<\/div>\n\t\t\t\t\t\t<\/div>\n\t\t\t\t<div class=\"elementor-element elementor-element-590a7ba elementor-widget elementor-widget-heading\" data-id=\"590a7ba\" data-element_type=\"widget\" data-widget_type=\"heading.default\">\n\t\t\t\t\t<h2 class=\"elementor-heading-title elementor-size-default\">Concertar una consulta gratuita<\/h2>\t\t\t\t<\/div>\n\t\t\t\t<div class=\"elementor-element elementor-element-fc11799 elementor-widget elementor-widget-text-editor\" data-id=\"fc11799\" data-element_type=\"widget\" data-widget_type=\"text-editor.default\">\n\t\t\t\t\t\t\t\t\t<p>En una conversaci\u00f3n con la experta Monika Paul, aprender\u00e1 m\u00e1s sobre la ciencia y el uso de este m\u00e9todo especial en su consulta o instituci\u00f3n..<\/p>\n\t\t\t\t\t\t\t\t<\/div>\n\t\t\t\t<div class=\"elementor-element elementor-element-d834bac elementor-align-center elementor-widget elementor-widget-button\" data-id=\"d834bac\" data-element_type=\"widget\" data-widget_type=\"button.default\">\n\t\t\t\t\t\t\t\t\t\t<a class=\"elementor-button elementor-button-link elementor-size-sm\" href=\"https:\/\/musicoterapiaconlarpa.com\/es\/kontakt\/\">\n\t\t\t\t\t\t<span class=\"elementor-button-content-wrapper\">\n\t\t\t\t\t\t<span class=\"elementor-button-icon\">\n\t\t\t\t<i aria-hidden=\"true\" class=\"icon icon-arrow-right\"><\/i>\t\t\t<\/span>\n\t\t\t\t\t\t\t\t\t<span class=\"elementor-button-text\">Contacto<\/span>\n\t\t\t\t\t<\/span>\n\t\t\t\t\t<\/a>\n\t\t\t\t\t\t\t\t<\/div>\n\t\t\t\t\t<\/div>\n\t\t<\/div>\n\t\t\t\t<div class=\"elementor-column elementor-col-33 elementor-top-column elementor-element elementor-element-d10f4dc elementor-hidden-tablet elementor-hidden-mobile\" data-id=\"d10f4dc\" data-element_type=\"column\">\n\t\t\t<div class=\"elementor-widget-wrap\">\n\t\t\t\t\t\t\t<\/div>\n\t\t<\/div>\n\t\t\t\t\t<\/div>\n\t\t<\/section>\n\t\t\t\t<\/div>\n\t\t","protected":false},"excerpt":{"rendered":"<p>Ciencia Investigaci\u00f3n Resultados de la investigaci\u00f3n El nuevo m\u00e9todo de tratar con frecuencias La investigaci\u00f3n cl\u00ednica del m\u00e9todo \u00abMusicoterapia con l\u2019Arpa\u00ae\u00bb* est\u00e1 orientada al paciente y es interdisciplinaria. *Elm\u00e9todo se ha registrado con este nombre y no se puede traducir. (Aqu\u00ed la traducci\u00f3nliteral: musicoterapia con el arpa) La encuesta cubre todo el espectro antes y [&hellip;]<\/p>\n","protected":false},"author":3,"featured_media":0,"parent":0,"menu_order":0,"comment_status":"closed","ping_status":"closed","template":"elementor_header_footer","meta":{"footnotes":""},"class_list":["post-4246","page","type-page","status-publish","hentry"],"_links":{"self":[{"href":"https:\/\/musicoterapiaconlarpa.com\/es\/wp-json\/wp\/v2\/pages\/4246","targetHints":{"allow":["GET"]}}],"collection":[{"href":"https:\/\/musicoterapiaconlarpa.com\/es\/wp-json\/wp\/v2\/pages"}],"about":[{"href":"https:\/\/musicoterapiaconlarpa.com\/es\/wp-json\/wp\/v2\/types\/page"}],"author":[{"embeddable":true,"href":"https:\/\/musicoterapiaconlarpa.com\/es\/wp-json\/wp\/v2\/users\/3"}],"replies":[{"embeddable":true,"href":"https:\/\/musicoterapiaconlarpa.com\/es\/wp-json\/wp\/v2\/comments?post=4246"}],"version-history":[{"count":10,"href":"https:\/\/musicoterapiaconlarpa.com\/es\/wp-json\/wp\/v2\/pages\/4246\/revisions"}],"predecessor-version":[{"id":4873,"href":"https:\/\/musicoterapiaconlarpa.com\/es\/wp-json\/wp\/v2\/pages\/4246\/revisions\/4873"}],"wp:attachment":[{"href":"https:\/\/musicoterapiaconlarpa.com\/es\/wp-json\/wp\/v2\/media?parent=4246"}],"curies":[{"name":"wp","href":"https:\/\/api.w.org\/{rel}","templated":true}]}}