{"id":4504,"date":"2024-04-28T20:55:45","date_gmt":"2024-04-28T20:55:45","guid":{"rendered":"https:\/\/musicoterapiaconlarpa.com\/datenschutz\/"},"modified":"2025-02-26T10:58:57","modified_gmt":"2025-02-26T10:58:57","slug":"datenschutz","status":"publish","type":"page","link":"https:\/\/musicoterapiaconlarpa.com\/en\/datenschutz\/","title":{"rendered":"Data protection"},"content":{"rendered":"\n<h2 class=\"wp-block-heading\">Privacy policy<\/h2>\n\n<p>1. Responsible person&#13;\n&#13;\nThe person responsible for processing your personal data on this website is:&#13;\n&#13;\nThe person responsible for the content of this website:&#13;\n&#13;\nMonika Paul&#13;\n&#13;\nUnder Rebholz 2a&#13;\n&#13;\n6017 Ruswil&#13;\n&#13;\nRecognized by the EMR, please check for yourself whether my treatment is also reimbursed by your health insurance company<\/p>\n\n<p>EMR &#8211; No. Date of first registration: 13.01.2000&#13;\n&#13;\nEMR number: 4725&#13;\n&#13;\nZSR number: C950561&#13;\n&#13;\nGLN number: 7601001082250<\/p>\n\n<p><strong>Contact:<\/strong>&#13;\nE-Mail: <a>monika.paulid@gmail.com<\/a><\/p>\n\n<p><span class=\"jCAhz ChMk0b\"><span class=\"ryNqvb\">2. General information on data processing<\/span><\/span>&#13;\n&#13;\n<span class=\"jCAhz ChMk0b\"><span class=\"ryNqvb\"> The protection of your personal data is of particular concern to us.<\/span><\/span> <span class=\"jCAhz ChMk0b\"><span class=\"ryNqvb\">We therefore process your data exclusively on the basis of the statutory provisions (GDPR, TMG, TTDSG).<\/span><\/span> <span class=\"jCAhz ChMk0b\"><span class=\"ryNqvb\">In this data protection declaration we inform you about the most important aspects of data processing on our website.<\/span><\/span><\/p>\n\n<p><span class=\"jCAhz ChMk0b\"><span class=\"ryNqvb\">3. Access data and hosting <\/span><\/span>&#13;\n&#13;\n<span class=\"jCAhz ChMk0b\"><span class=\"ryNqvb\">When you visit this website, information is automatically collected (server log files) that your browser transmits.<\/span><\/span> <span class=\"jCAhz ChMk0b\"><span class=\"ryNqvb\">This includes:<\/span><\/span><\/p>\n\n<ul class=\"wp-block-list\">\n<li>IP-Adresse<\/li>\n\n\n\n<li>Datum und Uhrzeit des Zugriffs<\/li>\n\n\n\n<li>Browsertyp und -version<\/li>\n\n\n\n<li>Betriebssystem<\/li>\n\n\n\n<li>Referrer-URL<\/li>\n\n\n\n<li>Name und URL der abgerufenen Datei<\/li>\n<\/ul>\n\n<p>This data cannot be assigned to specific people and is used to ensure trouble-free operation and to improve our offering.<\/p>\n\n<p><strong>4. Cookies<\/strong>&#13;\nUnsere Website verwendet Cookies, um bestimmte Funktionen bereitzustellen und die Benutzerfreundlichkeit zu verbessern. Weitere Informationen zu den verwendeten Cookies finden Sie in unserer [Cookie-Richtlinie].<\/p>\n\n<p><strong>5. Plugins und Tools<\/strong>&#13;\nWir verwenden verschiedene Plugins und Tools, die personenbezogene Daten verarbeiten k\u00f6nnen:<\/p>\n\n<p><strong>5.1 Elementor und zugeh\u00f6rige Add-ons<\/strong>&#13;\nDiese Website verwendet Elementor sowie die Add-ons <strong>Elementor Pro<\/strong>, <strong>ElementsKit Lite<\/strong>, <strong>Envato Elements<\/strong>, <strong>Essential Addons for Elementor<\/strong>, <strong>MetForm<\/strong>, <strong>Unlimited Elements for Elementor<\/strong> und <strong>Templately<\/strong>, um Inhalte und Funktionen bereitzustellen. Diese Plugins greifen auf Ihre IP-Adresse zu und verwenden ggf. Cookies, um die Funktionen bereitzustellen. Die Verarbeitung erfolgt auf Grundlage von Art. 6 Abs. 1 lit. f DSGVO (berechtigtes Interesse).<\/p>\n\n<p><strong>5.2 Google Analytics<\/strong>&#13;\nDiese Website nutzt den Webanalysedienst Google Analytics. Anbieter ist die Google Ireland Limited, Gordon House, Barrow Street, Dublin 4, Irland.&#13;\nGoogle Analytics verwendet Cookies, die eine Analyse Ihrer Benutzung der Website erm\u00f6glichen. Die dadurch erzeugten Informationen \u00fcber Ihre Benutzung dieser Website werden in der Regel an einen Server von Google in den USA \u00fcbertragen und dort gespeichert.&#13;\nWir haben die IP-Anonymisierung auf dieser Website aktiviert. Dadurch wird Ihre IP-Adresse vor der \u00dcbermittlung gek\u00fcrzt, sodass keine direkte Zuordnung m\u00f6glich ist.&#13;\nRechtsgrundlage: Art. 6 Abs. 1 lit. a DSGVO (Einwilligung). Sie k\u00f6nnen Ihre Einwilligung jederzeit widerrufen.<\/p>\n\n<p>Weitere Informationen zum Datenschutz bei Google finden Sie hier: <a>https:\/\/policies.google.com\/privacy<\/a>.<\/p>\n\n<p><strong>5.3 Google Maps<\/strong>&#13;\nDiese Website verwendet Google Maps zur Darstellung von Karten. Anbieter ist die Google Ireland Limited, Gordon House, Barrow Street, Dublin 4, Irland.&#13;\nZur Nutzung der Funktionen von Google Maps ist es notwendig, Ihre IP-Adresse zu speichern. Diese Informationen werden in der Regel an einen Server von Google in den USA \u00fcbertragen und dort gespeichert.&#13;\nDie Nutzung von Google Maps erfolgt im Interesse einer ansprechenden Darstellung unserer Online-Angebote. Rechtsgrundlage: Art. 6 Abs. 1 lit. a DSGVO (Einwilligung).<\/p>\n\n<p><strong>6. Rechte der betroffenen Personen<\/strong>&#13;\nIhnen stehen folgende Rechte zu:<\/p>\n\n<ul class=\"wp-block-list\">\n<li><strong>Auskunftsrecht<\/strong> \u00fcber Ihre gespeicherten Daten (Art. 15 DSGVO)<\/li>\n\n\n\n<li><strong>Berichtigungsrecht<\/strong> unrichtiger Daten (Art. 16 DSGVO)<\/li>\n\n\n\n<li><strong>L\u00f6schungsrecht<\/strong> Ihrer Daten (Art. 17 DSGVO)<\/li>\n\n\n\n<li><strong>Einschr\u00e4nkung der Verarbeitung<\/strong> (Art. 18 DSGVO)<\/li>\n\n\n\n<li><strong>Daten\u00fcbertragbarkeit<\/strong> (Art. 20 DSGVO)<\/li>\n\n\n\n<li><strong>Widerspruchsrecht<\/strong> gegen die Datenverarbeitung (Art. 21 DSGVO)<\/li>\n\n\n\n<li><strong>Beschwerderecht<\/strong> bei einer Aufsichtsbeh\u00f6rde (Art. 77 DSGVO)<\/li>\n<\/ul>\n\n<p><strong>7. \u00c4nderungen dieser Datenschutzerkl\u00e4rung<\/strong>&#13;\nWir behalten uns vor, diese Datenschutzerkl\u00e4rung anzupassen, um sie stets aktuellen rechtlichen Anforderungen anzupassen oder \u00c4nderungen unserer Leistungen in der Datenschutzerkl\u00e4rung umzusetzen.<\/p>\n\n<p><strong>8. Kontakt<\/strong>&#13;\nBei Fragen zur Verarbeitung Ihrer personenbezogenen Daten k\u00f6nnen Sie uns jederzeit unter der oben angegebenen Adresse kontaktieren.<\/p>\n","protected":false},"excerpt":{"rendered":"<p>Privacy policy 1. Responsible person&#13; &#13; The person responsible for processing your personal data on this website is:&#13; &#13; The person responsible for the content of this website:&#13; &#13; Monika Paul&#13; &#13; Under Rebholz 2a&#13; &#13; 6017 Ruswil&#13; &#13; Recognized by the EMR, please check for yourself whether my treatment is also reimbursed by your [&hellip;]<\/p>\n","protected":false},"author":3,"featured_media":0,"parent":0,"menu_order":0,"comment_status":"closed","ping_status":"closed","template":"elementor_header_footer","meta":{"footnotes":""},"class_list":["post-4504","page","type-page","status-publish","hentry"],"_links":{"self":[{"href":"https:\/\/musicoterapiaconlarpa.com\/en\/wp-json\/wp\/v2\/pages\/4504","targetHints":{"allow":["GET"]}}],"collection":[{"href":"https:\/\/musicoterapiaconlarpa.com\/en\/wp-json\/wp\/v2\/pages"}],"about":[{"href":"https:\/\/musicoterapiaconlarpa.com\/en\/wp-json\/wp\/v2\/types\/page"}],"author":[{"embeddable":true,"href":"https:\/\/musicoterapiaconlarpa.com\/en\/wp-json\/wp\/v2\/users\/3"}],"replies":[{"embeddable":true,"href":"https:\/\/musicoterapiaconlarpa.com\/en\/wp-json\/wp\/v2\/comments?post=4504"}],"version-history":[{"count":8,"href":"https:\/\/musicoterapiaconlarpa.com\/en\/wp-json\/wp\/v2\/pages\/4504\/revisions"}],"predecessor-version":[{"id":5480,"href":"https:\/\/musicoterapiaconlarpa.com\/en\/wp-json\/wp\/v2\/pages\/4504\/revisions\/5480"}],"wp:attachment":[{"href":"https:\/\/musicoterapiaconlarpa.com\/en\/wp-json\/wp\/v2\/media?parent=4504"}],"curies":[{"name":"wp","href":"https:\/\/api.w.org\/{rel}","templated":true}]}}