{"id":4309,"date":"2025-01-09T10:16:30","date_gmt":"2025-01-09T10:16:30","guid":{"rendered":"https:\/\/musicoterapiaconlarpa.com\/impressum\/"},"modified":"2025-06-23T14:16:43","modified_gmt":"2025-06-23T14:16:43","slug":"impressum","status":"publish","type":"page","link":"https:\/\/musicoterapiaconlarpa.com\/en\/impressum\/","title":{"rendered":"Impressum"},"content":{"rendered":"\t\t<div data-elementor-type=\"wp-page\" data-elementor-id=\"4309\" class=\"elementor elementor-4309 elementor-2559\" data-elementor-post-type=\"page\">\n\t\t\t\t<div class=\"elementor-element elementor-element-4ca2c42b e-flex e-con-boxed e-con e-parent\" data-id=\"4ca2c42b\" data-element_type=\"container\">\n\t\t\t\t\t<div class=\"e-con-inner\">\n\t\t\t\t<div class=\"elementor-element elementor-element-db287d2 elementor-widget elementor-widget-text-editor\" data-id=\"db287d2\" data-element_type=\"widget\" data-widget_type=\"text-editor.default\">\n\t\t\t\t\t\t\t\t\t<h2><strong>Impressum<\/strong><\/h2>\n<p><strong>Verantwortlich f\u00fcr den Inhalt dieser Website:<\/strong><br \/>\nMonika Paul<br \/>\nLauiliplatz 1 6174 S\u00f6renberg<\/p>\n<p>Anerkannt vom EMR, erkundigen sie sich selbst ob meine Behandlung auch von ihrer Krankenkasse erstattet wird<\/p>\n<p>EMR &#8211; Nr. Datum der Erstregistrierung:<br \/>\n13.01.2000<br \/>\nEMR-Nummer:<br \/>\n4725<br \/>\nZSR-Nummer:<br \/>\nC950561<br \/>\nGLN-Nummer:<br \/>\n7601001082250<\/p>\n<p><strong>Kontakt:<\/strong><br \/>\nE-Mail: <a>monika.paulid@gmail.com<\/a><\/p>\n<p><strong>Steuerliche Angaben:<\/strong><br \/>\nSteueridentifikationsnummer : 756.9576.3098.54<\/p>\n<p><strong>Haftung f\u00fcr Inhalte:<\/strong><br \/>\nAls Diensteanbieter sind wir gem\u00e4\u00df \u00a7 7 Abs. 1 TMG f\u00fcr eigene Inhalte auf diesen Seiten nach den allgemeinen Gesetzen verantwortlich. Nach \u00a7\u00a7 8 bis 10 TMG sind wir als Diensteanbieter jedoch nicht verpflichtet, \u00fcbermittelte oder gespeicherte fremde Informationen zu \u00fcberwachen oder nach Umst\u00e4nden zu forschen, die auf eine rechtswidrige T\u00e4tigkeit hinweisen. Verpflichtungen zur Entfernung oder Sperrung der Nutzung von Informationen nach den allgemeinen Gesetzen bleiben hiervon unber\u00fchrt. Eine diesbez\u00fcgliche Haftung ist jedoch erst ab dem Zeitpunkt der Kenntnis einer konkreten Rechtsverletzung m\u00f6glich. Bei Bekanntwerden von entsprechenden Rechtsverletzungen werden wir diese Inhalte umgehend entfernen.<\/p>\n<p><strong>Haftung f\u00fcr Links:<\/strong><br \/>\nUnser Angebot enth\u00e4lt Links zu externen Webseiten Dritter, auf deren Inhalte wir keinen Einfluss haben. Deshalb k\u00f6nnen wir f\u00fcr diese fremden Inhalte auch keine Gew\u00e4hr \u00fcbernehmen. F\u00fcr die Inhalte der verlinkten Seiten ist stets der jeweilige Anbieter oder Betreiber der Seiten verantwortlich. Die verlinkten Seiten wurden zum Zeitpunkt der Verlinkung auf m\u00f6gliche Rechtsverst\u00f6\u00dfe \u00fcberpr\u00fcft. Rechtswidrige Inhalte waren zum Zeitpunkt der Verlinkung nicht erkennbar. Eine permanente inhaltliche Kontrolle der verlinkten Seiten ist jedoch ohne konkrete Anhaltspunkte einer Rechtsverletzung nicht zumutbar. Bei Bekanntwerden von Rechtsverletzungen werden wir derartige Links umgehend entfernen.<\/p>\n<p><strong>Urheberrecht:<\/strong><br \/>\nDie durch die Seitenbetreiber erstellten Inhalte und Werke auf diesen Seiten unterliegen dem deutschen Urheberrecht. Die Vervielf\u00e4ltigung, Bearbeitung, Verbreitung und jede Art der Verwertung au\u00dferhalb der Grenzen des Urheberrechts bed\u00fcrfen der schriftlichen Zustimmung des jeweiligen Autors bzw. Erstellers. Downloads und Kopien dieser Seite sind nur f\u00fcr den privaten, nicht kommerziellen Gebrauch gestattet. Soweit die Inhalte auf dieser Seite nicht vom Betreiber erstellt wurden, werden die Urheberrechte Dritter beachtet. Insbesondere werden Inhalte Dritter als solche gekennzeichnet. Sollten Sie trotzdem auf eine Urheberrechtsverletzung aufmerksam werden, bitten wir um einen entsprechenden Hinweis. Bei Bekanntwerden von Rechtsverletzungen werden wir derartige Inhalte umgehend entfernen.<\/p>\n<p><strong>Verbraucherstreitbeilegung:<\/strong><br \/>\nWir sind nicht bereit oder verpflichtet, an Streitbeilegungsverfahren vor einer Verbraucherschlichtungsstelle teilzunehmen.<\/p>\n<p><strong>Datenschutz:<\/strong><br \/>\nDetails zum Datenschutz finden Sie in unserer <a href=\"https:\/\/musicoterapiaconlarpa.com\/en\/datenschutz\/\">Datenschutzerkl\u00e4rung<\/a>.<\/p>\n\t\t\t\t\t\t\t\t<\/div>\n\t\t\t\t\t<\/div>\n\t\t\t\t<\/div>\n\t\t\t\t<\/div>\n\t\t","protected":false},"excerpt":{"rendered":"<p>Impressum Verantwortlich f\u00fcr den Inhalt dieser Website: Monika Paul Lauiliplatz 1 6174 S\u00f6renberg Anerkannt vom EMR, erkundigen sie sich selbst ob meine Behandlung auch von ihrer Krankenkasse erstattet wird EMR &#8211; Nr. Datum der Erstregistrierung: 13.01.2000 EMR-Nummer: 4725 ZSR-Nummer: C950561 GLN-Nummer: 7601001082250 Kontakt: E-Mail: monika.paulid@gmail.com Steuerliche Angaben: Steueridentifikationsnummer : 756.9576.3098.54 Haftung f\u00fcr Inhalte: Als Diensteanbieter [&hellip;]<\/p>\n","protected":false},"author":3,"featured_media":0,"parent":0,"menu_order":0,"comment_status":"closed","ping_status":"closed","template":"elementor_header_footer","meta":{"footnotes":""},"class_list":["post-4309","page","type-page","status-publish","hentry"],"_links":{"self":[{"href":"https:\/\/musicoterapiaconlarpa.com\/en\/wp-json\/wp\/v2\/pages\/4309","targetHints":{"allow":["GET"]}}],"collection":[{"href":"https:\/\/musicoterapiaconlarpa.com\/en\/wp-json\/wp\/v2\/pages"}],"about":[{"href":"https:\/\/musicoterapiaconlarpa.com\/en\/wp-json\/wp\/v2\/types\/page"}],"author":[{"embeddable":true,"href":"https:\/\/musicoterapiaconlarpa.com\/en\/wp-json\/wp\/v2\/users\/3"}],"replies":[{"embeddable":true,"href":"https:\/\/musicoterapiaconlarpa.com\/en\/wp-json\/wp\/v2\/comments?post=4309"}],"version-history":[{"count":7,"href":"https:\/\/musicoterapiaconlarpa.com\/en\/wp-json\/wp\/v2\/pages\/4309\/revisions"}],"predecessor-version":[{"id":5648,"href":"https:\/\/musicoterapiaconlarpa.com\/en\/wp-json\/wp\/v2\/pages\/4309\/revisions\/5648"}],"wp:attachment":[{"href":"https:\/\/musicoterapiaconlarpa.com\/en\/wp-json\/wp\/v2\/media?parent=4309"}],"curies":[{"name":"wp","href":"https:\/\/api.w.org\/{rel}","templated":true}]}}